{"id":3996,"date":"2025-04-27T21:11:01","date_gmt":"2025-04-27T17:41:01","guid":{"rendered":"https:\/\/zistoco.com\/orman-kokulu-kalp-seklinde-oda-parfumu\/"},"modified":"2025-10-18T09:39:53","modified_gmt":"2025-10-18T06:09:53","slug":"orman-kokulu-kalp-seklinde-oda-parfumu","status":"publish","type":"product","link":"https:\/\/zistoco.com\/tr\/orman-kokulu-kalp-seklinde-oda-parfumu\/","title":{"rendered":"Zisto Kalp \u015eekilli Ara\u00e7 ve Oda Hava Ferahl\u0131\u011f\u0131 \u2013 \u015e\u0131k Tasar\u0131ml\u0131 ve Uzun Soluklu Koku"},"content":{"rendered":"<p>&lt;h1&gt;Zisto Kalp \u015eekilli Ara\u00e7 ve Oda Hava Ferahl\u0131\u011f\u0131 \u2013 \u015e\u0131k Tasar\u0131ml\u0131 ve Uzun Soluklu Koku&lt;\/h1&gt;<\/p>\n<p>&lt;p&gt;&lt;strong&gt;Zisto Kalp \u015eekilli Hava Ferahl\u0131\u011f\u0131&lt;\/strong&gt;, estetik \u015f\u0131kl\u0131k, uzun \u00f6m\u00fcrl\u00fc koku ve i\u015flevsel zarafetin kusursuz birle\u015fimidir. Bu \u00fcr\u00fcn, d\u00fcnya \u00e7ap\u0131nda s\u00fcr\u00fcc\u00fcler, ev sahipleri ve tarza \u00f6nem veren bireyler i\u00e7in tasarlanm\u0131\u015ft\u0131r. Kalp \u015feklindeki bu hava ferahl\u0131\u011f\u0131, yaln\u0131zca ortam\u0131n\u0131za ferah bir koku katmakla kalmaz, ayn\u0131 zamanda her t\u00fcrl\u00fc i\u00e7 mek\u00e2na dekoratif bir dokunu\u015f da ekler. G\u00fcnl\u00fck s\u00fcr\u00fc\u015f\u00fcn\u00fcz\u00fc g\u00fczelle\u015ftirmek, evinizi tazelemek veya uluslararas\u0131 pazarlar i\u00e7in y\u00fcksek talep g\u00f6ren bir \u00fcr\u00fcn aramak istiyorsan\u0131z, Zisto Kalp \u015eekilli Hava Ferahl\u0131\u011f\u0131 ideal se\u00e7imdir.&lt;\/p&gt;<\/p>\n<p>&lt;h2&gt;Ola\u011fan\u00fcst\u00fc Kalite ve \u00dcretim Becerisi&lt;\/h2&gt;<br \/>\n&lt;p&gt;Zisto \u00fcr\u00fcnleri \u0130ran men\u015felidir ve kaliteye \u00f6zel \u00f6nem verilerek \u00fcretilmektedir. Her bir Zisto hava ferahl\u0131\u011f\u0131, y\u00fcksek kaliteli malzemelerden ve ultra-konsantre, y\u00fcksek safl\u0131ktaki esanslardan imal edilir. S\u0131radan hava ferahl\u0131klar\u0131n\u0131n aksine \u2014 ki bunlar birka\u00e7 g\u00fcn i\u00e7inde solurlar \u2014 bizim benzersiz j\u00f6le benzeri esans torbam\u0131z, kokunun yakla\u015f\u0131k &lt;strong&gt;30 g\u00fcn&lt;\/strong&gt; boyunca sabit ve e\u015fit \u015fekilde yay\u0131lmas\u0131n\u0131 sa\u011flar. Yumu\u015fak ve esnek torba, g\u00fcne\u015f \u0131\u015f\u0131\u011f\u0131 alt\u0131nda veya ara\u00e7 i\u00e7inde s\u0131cakl\u0131k dalgalanmalar\u0131 olsa bile \u00e7atlamaya, s\u0131zd\u0131rmaya veya renk solmas\u0131na kar\u015f\u0131 dayan\u0131kl\u0131, toksik olmayan plastik bir kalp \u00e7er\u00e7evesine s\u0131k\u0131ca yerle\u015ftirilmi\u015ftir.&lt;\/p&gt;<\/p>\n<p>&lt;h2&gt;Her Zevke Uygun D\u00f6rt Muhte\u015fem Koku&lt;\/h2&gt;<br \/>\n&lt;p&gt;Kokunun ki\u015fisel bir tercih oldu\u011funu biliyoruz. Bu y\u00fczden Zisto, piyasada test edilmi\u015f ve k\u00fcresel olarak be\u011fenilen d\u00f6rt koku se\u00e7ene\u011fi sunar \u2014 her biri tazelik, konfor ve ne\u015fe hissi uyand\u0131rmak i\u00e7in \u00f6zel olarak form\u00fcle edilmi\u015ftir:&lt;\/p&gt;<br \/>\n&lt;ul&gt;<br \/>\n&lt;li&gt;&lt;strong&gt;\u00c7ilek:&lt;\/strong&gt; Her mek\u00e2na ne\u015feli ve enerjik bir atmosfer katan tatl\u0131, sulu ve oyuncu bir koku.&lt;\/li&gt;<br \/>\n&lt;li&gt;&lt;strong&gt;Mango:&lt;\/strong&gt; S\u0131cak iklimler ve yaz s\u00fcr\u00fc\u015fleri i\u00e7in ideal, ferah ve so\u011fuk mango notalar\u0131.&lt;\/li&gt;<br \/>\n&lt;li&gt;&lt;strong&gt;\u015eeftali:&lt;\/strong&gt; S\u0131cak, davetkar ve zarif bir meyve-\u00e7i\u00e7ek kar\u0131\u015f\u0131m\u0131.&lt;\/li&gt;<br \/>\n&lt;li&gt;&lt;strong&gt;Parf\u00fcm (Eau de Cologne):&lt;\/strong&gt; Profesyonel ortamlar veya minimalist i\u00e7 mek\u00e2nlar i\u00e7in ideal, l\u00fcks parf\u00fcmlerden ilham alan temiz, klasik ve zamans\u0131z bir koku.&lt;\/li&gt;<br \/>\n&lt;\/ul&gt;<br \/>\n&lt;p&gt;Ayr\u0131ca uluslararas\u0131 ortaklar\u0131m\u0131z\u0131n ihtiya\u00e7lar\u0131na uyum sa\u011flamak ad\u0131na &lt;strong&gt;\u00f6zel koku form\u00fclleri de sipari\u015fe g\u00f6re haz\u0131rlanabilir&lt;\/strong&gt;. Pazar\u0131n\u0131zda vanilya, okyanus esintisi veya lavanta gibi b\u00f6lgesel kokular talep ediliyorsa, Ar-Ge ekibimiz, hedef pazar\u0131n\u0131z\u0131n tercihlerine uygun \u00f6zelle\u015ftirilmi\u015f bir esans geli\u015ftirebilir.&lt;\/p&gt;<\/p>\n<p>&lt;h2&gt;G\u00fcnl\u00fck Kullan\u0131m ve \u00c7ok Ama\u00e7l\u0131 Uygulama \u0130\u00e7in Tasarland\u0131&lt;\/h2&gt;<br \/>\n&lt;p&gt;Zisto Kalp \u015eekilli Hava Ferahl\u0131\u011f\u0131 temelde ara\u00e7lar i\u00e7in tasarlanm\u0131\u015f olsa da \u2014 geri g\u00f6r\u00fc\u015f aynas\u0131na kolayca as\u0131labilir \u2014 \u00e7ok y\u00f6nl\u00fc kullan\u0131m imk\u00e2n\u0131 sunar:&lt;\/p&gt;<br \/>\n&lt;ul&gt;<br \/>\n&lt;li&gt;&lt;strong&gt;Otomobiller ve Taksi:&lt;\/strong&gt; Sigara, yemek ve evcil hayvan kokular\u0131n\u0131 n\u00f6tralize eder; yolcular i\u00e7in misafirperver bir ortam yarat\u0131r.&lt;\/li&gt;<br \/>\n&lt;li&gt;&lt;strong&gt;Konutlar:&lt;\/strong&gt; Gard\u0131roplar, banyolar, \u00e7ama\u015f\u0131rhaneler veya yatak odalar\u0131nda s\u00fcrekli tazelik i\u00e7in as\u0131labilir.&lt;\/li&gt;<br \/>\n&lt;li&gt;&lt;strong&gt;Ofisler ve \u0130\u015f Alanlar\u0131:&lt;\/strong&gt; Bask\u0131n olmayan, zarif ve ho\u015f bir koku \u2014 ruh halini ve verimlili\u011fi art\u0131r\u0131r.&lt;\/li&gt;<br \/>\n&lt;li&gt;&lt;strong&gt;Perakende ve Misafirperverlik:&lt;\/strong&gt; Oteller, spor salonlar\u0131 ve ma\u011fazalar, m\u00fc\u015fteri deneyimini imza koku ile g\u00fc\u00e7lendirmek i\u00e7in kullan\u0131r.&lt;\/li&gt;<br \/>\n&lt;\/ul&gt;<br \/>\n&lt;p&gt;Kompakt boyutlar\u0131 (7 x 9 x 4 cm) s\u00fcr\u00fc\u015f s\u0131ras\u0131nda g\u00f6r\u00fc\u015f alan\u0131n\u0131z\u0131 asla engellemez; entegre asma halkas\u0131 ise kurulumu an\u0131nda hale getirir \u2014 klips, yap\u0131\u015ft\u0131r\u0131c\u0131 veya alet gerekmez.&lt;\/p&gt;<\/p>\n<p>&lt;table style=&#8221;width: 100%; border-collapse: collapse; margin: 20px 0; font-family: Arial, sans-serif;&#8221;&gt;<br \/>\n&lt;thead&gt;<br \/>\n&lt;tr style=&#8221;background-color: #f5f5f5;&#8221;&gt;<br \/>\n&lt;th style=&#8221;border: 1px solid #ddd; padding: 12px; text-align: left;&#8221;&gt;\u00d6zellik&lt;\/th&gt;<br \/>\n&lt;th style=&#8221;border: 1px solid #ddd; padding: 12px; text-align: left;&#8221;&gt;Detaylar&lt;\/th&gt;<br \/>\n&lt;\/tr&gt;<br \/>\n&lt;\/thead&gt;<br \/>\n&lt;tbody&gt;<br \/>\n&lt;tr&gt;<br \/>\n&lt;td style=&#8221;border: 1px solid #ddd; padding: 10px;&#8221;&gt;&lt;strong&gt;\u00dcr\u00fcn Ad\u0131&lt;\/strong&gt;&lt;\/td&gt;<br \/>\n&lt;td style=&#8221;border: 1px solid #ddd; padding: 10px;&#8221;&gt;Zisto Kalp \u015eekilli Hava Ferahl\u0131\u011f\u0131&lt;\/td&gt;<br \/>\n&lt;\/tr&gt;<br \/>\n&lt;tr&gt;<br \/>\n&lt;td style=&#8221;border: 1px solid #ddd; padding: 10px;&#8221;&gt;&lt;strong&gt;\u015eekil ve Tasar\u0131m&lt;\/strong&gt;&lt;\/td&gt;<br \/>\n&lt;td style=&#8221;border: 1px solid #ddd; padding: 10px;&#8221;&gt;Yumu\u015fak j\u00f6le esans torbal\u0131 kalp \u015feklinde asma&lt;\/td&gt;<br \/>\n&lt;\/tr&gt;<br \/>\n&lt;tr&gt;<br \/>\n&lt;td style=&#8221;border: 1px solid #ddd; padding: 10px;&#8221;&gt;&lt;strong&gt;Mevcut Koku Se\u00e7enekleri&lt;\/strong&gt;&lt;\/td&gt;<br \/>\n&lt;td style=&#8221;border: 1px solid #ddd; padding: 10px;&#8221;&gt;\u00c7ilek, Mango, \u015eeftali, Parf\u00fcm (Eau de Cologne)&lt;\/td&gt;<br \/>\n&lt;\/tr&gt;<br \/>\n&lt;tr&gt;<br \/>\n&lt;td style=&#8221;border: 1px solid #ddd; padding: 10px;&#8221;&gt;&lt;strong&gt;Koku S\u00fcresi&lt;\/strong&gt;&lt;\/td&gt;<br \/>\n&lt;td style=&#8221;border: 1px solid #ddd; padding: 10px;&#8221;&gt;Yakla\u015f\u0131k 30 g\u00fcn (s\u0131cakl\u0131k ve hava ak\u0131\u015f\u0131na g\u00f6re de\u011fi\u015fir)&lt;\/td&gt;<br \/>\n&lt;\/tr&gt;<br \/>\n&lt;tr&gt;<br \/>\n&lt;td style=&#8221;border: 1px solid #ddd; padding: 10px;&#8221;&gt;&lt;strong&gt;Boyutlar&lt;\/strong&gt;&lt;\/td&gt;<br \/>\n&lt;td style=&#8221;border: 1px solid #ddd; padding: 10px;&#8221;&gt;7 cm \u00d7 9 cm \u00d7 4 cm&lt;\/td&gt;<br \/>\n&lt;\/tr&gt;<br \/>\n&lt;tr&gt;<br \/>\n&lt;td style=&#8221;border: 1px solid #ddd; padding: 10px;&#8221;&gt;&lt;strong&gt;Malzeme&lt;\/strong&gt;&lt;\/td&gt;<br \/>\n&lt;td style=&#8221;border: 1px solid #ddd; padding: 10px;&#8221;&gt;Y\u00fcksek kaliteli, toksik olmayan plastik \u00e7er\u00e7eve + premium j\u00f6le esans torbas\u0131&lt;\/td&gt;<br \/>\n&lt;\/tr&gt;<br \/>\n&lt;tr&gt;<br \/>\n&lt;td style=&#8221;border: 1px solid #ddd; padding: 10px;&#8221;&gt;&lt;strong&gt;Kullan\u0131m Alanlar\u0131&lt;\/strong&gt;&lt;\/td&gt;<br \/>\n&lt;td style=&#8221;border: 1px solid #ddd; padding: 10px;&#8221;&gt;Otomobiller, evler, ofisler, gard\u0131roplar, banyolar, perakende mek\u00e2nlar&lt;\/td&gt;<br \/>\n&lt;\/tr&gt;<br \/>\n&lt;tr&gt;<br \/>\n&lt;td style=&#8221;border: 1px solid #ddd; padding: 10px;&#8221;&gt;&lt;strong&gt;\u00d6zelle\u015ftirme&lt;\/strong&gt;&lt;\/td&gt;<br \/>\n&lt;td style=&#8221;border: 1px solid #ddd; padding: 10px;&#8221;&gt;Sipari\u015fe \u00f6zel kokular ve \u00f6zel markalama m\u00fcmk\u00fcnd\u00fcr&lt;\/td&gt;<br \/>\n&lt;\/tr&gt;<br \/>\n&lt;tr&gt;<br \/>\n&lt;td style=&#8221;border: 1px solid #ddd; padding: 10px;&#8221;&gt;&lt;strong&gt;Paketleme&lt;\/strong&gt;&lt;\/td&gt;<br \/>\n&lt;td style=&#8221;border: 1px solid #ddd; padding: 10px;&#8221;&gt;64 adet bir pakette&lt;\/td&gt;<br \/>\n&lt;\/tr&gt;<br \/>\n&lt;tr&gt;<br \/>\n&lt;td style=&#8221;border: 1px solid #ddd; padding: 10px;&#8221;&gt;&lt;strong&gt;Karton Boyutlar\u0131&lt;\/strong&gt;&lt;\/td&gt;<br \/>\n&lt;td style=&#8221;border: 1px solid #ddd; padding: 10px;&#8221;&gt;33 cm (G) \u00d7 27 cm (D) \u00d7 39 cm (Y)&lt;\/td&gt;<br \/>\n&lt;\/tr&gt;<br \/>\n&lt;tr&gt;<br \/>\n&lt;td style=&#8221;border: 1px solid #ddd; padding: 10px;&#8221;&gt;&lt;strong&gt;Men\u015fei&lt;\/strong&gt;&lt;\/td&gt;<br \/>\n&lt;td style=&#8221;border: 1px solid #ddd; padding: 10px;&#8221;&gt;\u0130ran men\u015feli, y\u00fcksek kaliteli esanslarla \u00fcretilmi\u015ftir&lt;\/td&gt;<br \/>\n&lt;\/tr&gt;<br \/>\n&lt;\/tbody&gt;<br \/>\n&lt;\/table&gt;<\/p>\n<p>&lt;h2&gt;Toptan Sat\u0131\u015f ve \u0130hracat \u0130\u00e7in Haz\u0131r Ambalaj&lt;\/h2&gt;<br \/>\n&lt;p&gt;Zisto hava ferahl\u0131klar\u0131 uluslararas\u0131 distrib\u00fct\u00f6rler i\u00e7in tasarlanm\u0131\u015ft\u0131r ve uluslararas\u0131 nakliye ile perakende sat\u0131\u015f i\u00e7in verimli \u015fekilde paketlenmi\u015ftir:&lt;\/p&gt;<br \/>\n&lt;ul&gt;<br \/>\n&lt;li&gt;&lt;strong&gt;\u0130\u00e7 Paket:&lt;\/strong&gt; 64 adet s\u0131zd\u0131rmaz polietilen torbada veya perakende sat\u0131\u015fa haz\u0131r kutuda (\u00f6zel ambalajlama m\u00fcmk\u00fcnd\u00fcr).&lt;\/li&gt;<br \/>\n&lt;li&gt;&lt;strong&gt;Ana Karton Boyutlar\u0131:&lt;\/strong&gt; 33 cm (G) \u00d7 27 cm (D) \u00d7 39 cm (Y)&lt;\/li&gt;<br \/>\n&lt;li&gt;&lt;strong&gt;Karton A\u011f\u0131rl\u0131\u011f\u0131:&lt;\/strong&gt; Hafif ama dayan\u0131kl\u0131 \u2014 nakliye maliyetlerini d\u00fc\u015f\u00fcr\u00fcr ve elle\u00e7lemeyi kolayla\u015ft\u0131r\u0131r.&lt;\/li&gt;<br \/>\n&lt;li&gt;&lt;strong&gt;Minimum Sipari\u015f Miktar\u0131:&lt;\/strong&gt; Hem k\u00fc\u00e7\u00fck ithalat\u00e7\u0131lar hem de b\u00fcy\u00fck hacimli al\u0131c\u0131lar i\u00e7in uygundur.&lt;\/li&gt;<br \/>\n&lt;\/ul&gt;<br \/>\n&lt;p&gt;Fabrikam\u0131z uluslararas\u0131 g\u00fcvenlik ve \u00e7evre standartlar\u0131na uygundur; bu da sevkiyat\u0131n\u0131z\u0131n Avrupa, Orta Do\u011fu, Asya, Afrika ve Amerika pazarlar\u0131nda g\u00fcmr\u00fck ve d\u00fczenleyici gereklilikleri kar\u015f\u0131lamas\u0131n\u0131 sa\u011flar.&lt;\/p&gt;<\/p>\n<p>&lt;h2&gt;Neden Uluslararas\u0131 Al\u0131c\u0131lar Zisto\u2019ya G\u00fcveniyor?&lt;\/h2&gt;<br \/>\n&lt;ul&gt;<br \/>\n&lt;li&gt;\u2705 &lt;strong&gt;Tutarl\u0131 Kalite:&lt;\/strong&gt; Her partiye s\u0131k\u0131 testler uygulan\u0131r \u2014 koku yo\u011funlu\u011fu ve dayan\u0131kl\u0131l\u0131\u011f\u0131 garanti edilir.&lt;\/li&gt;<br \/>\n&lt;li&gt;\u2705 &lt;strong&gt;Rekabet\u00e7i Fiyatlar:&lt;\/strong&gt; Yeniden sat\u0131c\u0131lar i\u00e7in y\u00fcksek k\u00e2r marj\u0131 sunan de\u011ferli bir \u00fcr\u00fcn.&lt;\/li&gt;<br \/>\n&lt;li&gt;\u2705 &lt;strong&gt;\u00d6zel Markalama:&lt;\/strong&gt; \u00d6zel etiketleme, \u00e7ok dilli ambalaj ve logo bask\u0131s\u0131 m\u00fcmk\u00fcnd\u00fcr.&lt;\/li&gt;<br \/>\n&lt;li&gt;\u2705 &lt;strong&gt;H\u0131zl\u0131 Teslimat:&lt;\/strong&gt; B\u00fcy\u00fck sipari\u015fleri zaman\u0131nda yerine getirmek i\u00e7in g\u00fcvenilir \u00fcretim kapasitesi.&lt;\/li&gt;<br \/>\n&lt;li&gt;\u2705 &lt;strong&gt;\u00c7evre Dostu Malzemeler:&lt;\/strong&gt; Toksik de\u011fil, ftalats\u0131z ve REACH ile RoHS y\u00f6netmeliklerine uygundur.&lt;\/li&gt;<br \/>\n&lt;\/ul&gt;<\/p>\n<p>&lt;h2&gt;Hediye ve Mevsimsel Kampanyalar \u0130\u00e7in M\u00fckemmel&lt;\/h2&gt;<br \/>\n&lt;p&gt;Romantik kalp \u015fekli ve canl\u0131 renkleriyle Zisto hava ferahl\u0131\u011f\u0131, Sevgililer G\u00fcn\u00fc, Anneler G\u00fcn\u00fc, d\u00fc\u011f\u00fcnler veya kurumsal hediyeler i\u00e7in m\u00fckemmel bir tercihtir. Perakendeciler, \u00fcr\u00fcn\u00fc genellikle ara\u00e7 bak\u0131m setleri, ho\u015f geldin sepetleri veya wellness paketleriyle birle\u015ftirir \u2014 bu da tekrarl\u0131 sat\u0131n almalar\u0131 ve m\u00fc\u015fteri sadakatini art\u0131r\u0131r.&lt;\/p&gt;<\/p>\n<p>&lt;h2&gt;Zisto Kalp \u015eekilli Hava Ferahl\u0131klar\u0131n\u0131z\u0131 Hemen Sipari\u015f Edin!&lt;\/h2&gt;<br \/>\n&lt;p&gt;Y\u00fczlerce memnun distrib\u00fct\u00f6r gibi, Zisto\u2019yu premium, \u015f\u0131k ve uzun \u00f6m\u00fcrl\u00fc hava ferahl\u0131klar\u0131n\u0131z\u0131n en iyi kayna\u011f\u0131 olarak se\u00e7in. \u0130lk deneme sipari\u015finizi veriyor olun veya bayram sezonu i\u00e7in stok art\u0131r\u0131yor olun, size ki\u015fiselle\u015ftirilmi\u015f destek, numune setleri ve rekabet\u00e7i FOB fiyatlar sunuyoruz.&lt;\/p&gt;<\/p>\n<p>&lt;p&gt;&lt;strong&gt;Stoklar\u0131n\u0131z\u0131 tazeleyin. M\u00fc\u015fterilerinizi mutlu edin. \u0130\u015finizi b\u00fcy\u00fct\u00fcn.&lt;\/strong&gt;&lt;br&gt;<br \/>\nKatalog, fiyat listesi veya \u00f6zel teklif almak i\u00e7in hemen bizimle ileti\u015fime ge\u00e7in!&lt;\/p&gt;<\/p>\n","protected":false},"excerpt":{"rendered":"<p><strong>\u00d6zellikler:<\/strong><\/p>\n<p><em>Boyutlar<\/em>: <strong>7x9x4 cm<\/strong><\/p>\n<p><em>Kokular:<\/em> <strong>\u00c7ilek<\/strong><\/p>\n<p><em>S\u00fcre: <\/em><strong>Yakla\u015f\u0131k bir ay<\/strong><\/p>\n<p><strong>Ambalajlama:<\/strong><\/p>\n<p><strong>Paket ba\u015f\u0131na 64 adet <\/strong><\/p>\n<p>Karton kutu \u00f6l\u00e7\u00fcleri: <strong>33 x 27. Y\u00fckseklik: 39 <\/strong><\/p>\n<p><strong>\u00d6zellikler:<\/strong><\/p>\n<p>\u00d6z i\u00e7eren yumu\u015fak j\u00f6le tipi kese ile benzersiz tasar\u0131m<\/p>\n<p>Herhangi bir ara\u00e7 veya mekana estetik ve aromatik bir katk\u0131<\/p>\n<p>Dikiz aynas\u0131 i\u00e7in bir kolye olarak en iyi kullan\u0131m<\/p>\n","protected":false},"featured_media":2478,"template":"","meta":[],"product_brand":[],"product_cat":[173],"product_tag":[],"class_list":{"0":"post-3996","1":"product","2":"type-product","3":"status-publish","4":"has-post-thumbnail","6":"product_cat-kalp-seklinde-oto-kokusu","8":"first","9":"instock","10":"shipping-taxable","11":"product-type-simple"},"_links":{"self":[{"href":"https:\/\/zistoco.com\/tr\/wp-json\/wp\/v2\/product\/3996","targetHints":{"allow":["GET"]}}],"collection":[{"href":"https:\/\/zistoco.com\/tr\/wp-json\/wp\/v2\/product"}],"about":[{"href":"https:\/\/zistoco.com\/tr\/wp-json\/wp\/v2\/types\/product"}],"version-history":[{"count":3,"href":"https:\/\/zistoco.com\/tr\/wp-json\/wp\/v2\/product\/3996\/revisions"}],"predecessor-version":[{"id":4672,"href":"https:\/\/zistoco.com\/tr\/wp-json\/wp\/v2\/product\/3996\/revisions\/4672"}],"wp:featuredmedia":[{"embeddable":true,"href":"https:\/\/zistoco.com\/tr\/wp-json\/wp\/v2\/media\/2478"}],"wp:attachment":[{"href":"https:\/\/zistoco.com\/tr\/wp-json\/wp\/v2\/media?parent=3996"}],"wp:term":[{"taxonomy":"product_brand","embeddable":true,"href":"https:\/\/zistoco.com\/tr\/wp-json\/wp\/v2\/product_brand?post=3996"},{"taxonomy":"product_cat","embeddable":true,"href":"https:\/\/zistoco.com\/tr\/wp-json\/wp\/v2\/product_cat?post=3996"},{"taxonomy":"product_tag","embeddable":true,"href":"https:\/\/zistoco.com\/tr\/wp-json\/wp\/v2\/product_tag?post=3996"}],"curies":[{"name":"wp","href":"https:\/\/api.w.org\/{rel}","templated":true}]}}