{"id":3967,"date":"2026-02-14T10:00:21","date_gmt":"2026-02-14T06:30:21","guid":{"rendered":"https:\/\/zistoco.com\/western-duck-hava-tazeleyici\/"},"modified":"2025-09-04T11:00:21","modified_gmt":"2025-09-04T07:30:21","slug":"western-duck-hava-tazeleyici","status":"publish","type":"product","link":"https:\/\/zistoco.com\/tr\/western-duck-hava-tazeleyici\/","title":{"rendered":"Western Duck Hava Tazeleyici"},"content":{"rendered":"<h1 dir=\"ltr\" style=\"text-align: left;\">Western Duck Hava Tazeleyici<\/h1>\n<p dir=\"ltr\">Bat\u0131 \u00f6rde\u011fi, bat\u0131n\u0131n \u00e7\u00f6l\u00fcn\u00fcn kalbinde, kovboy \u015fapkas\u0131yla adalet ar\u0131yor. Her yolculu\u011funda yeni zorluklarla kar\u015f\u0131la\u015f\u0131yor ve engebeli ve tehlikeli yollardan asla korkmuyor. <\/p>\n<p dir=\"ltr\"><img fetchpriority=\"high\" decoding=\"async\" class=\"alignnone size-full wp-image-3229\" src=\"https:\/\/zistoco.com\/wp-content\/uploads\/2025\/09\/IMG_20250827_102446_720-e1756971255932.jpg\" alt=\"\" width=\"267\" height=\"400\" title=\"\"> <img decoding=\"async\" class=\"alignnone size-full wp-image-3241\" src=\"https:\/\/zistoco.com\/wp-content\/uploads\/2025\/09\/western2.png\" alt=\"\" width=\"358\" height=\"395\" title=\"\"><\/p>\n<p>&nbsp;<\/p>\n<hr>\n<p>&nbsp;<\/p>\n<h3 dir=\"ltr\"><b>\u00dcr\u00fcn \u00d6zellikleri ve Kalitesi<\/b><\/h3>\n<p dir=\"ltr\">\u00d6nde gelen bir <b>ara\u00e7 kokusu da\u011f\u0131t\u0131c\u0131s\u0131<\/b> olan Zisto, kaliteye kendini adam\u0131\u015ft\u0131r. Western Duck Hava Kokusu, m\u00fc\u015fterileri etkilemek ve tekrarlanan al\u0131\u015fveri\u015fleri garantilemek i\u00e7in tasarlanm\u0131\u015ft\u0131r. <\/p>\n<ul dir=\"ltr\">\n<li><b>Uzun S\u00fcreli Kokular:<\/b> Tutarl\u0131 ve ho\u015f bir aroma i\u00e7in birinci s\u0131n\u0131f koku ya\u011flar\u0131 ile form\u00fcle edilmi\u015ftir.<\/li>\n<li><b>Y\u00fcksek Kaliteli Malzemeler:<\/b> Araba ortamlar\u0131na dayanacak \u015fekilde tasarlanm\u0131\u015f, dayan\u0131kl\u0131, toksik olmayan malzemelerden \u00fcretilmi\u015ftir.<\/li>\n<li><b>\u00c7ekici Tasar\u0131m:<\/b> Yumu\u015fak sal\u0131n\u0131m hareketi, m\u00fc\u015fterilerin sevdi\u011fi e\u011flenceli ve dinamik bir unsur kat\u0131yor.<\/li>\n<li><b>Perakendeye Haz\u0131r Paketleme<\/b>: Her bir t\u0131ls\u0131m, te\u015fhir \u00fcr\u00fcnlerinize as\u0131lmaya haz\u0131r, a\u00e7\u0131k markalama ve talimatlarla ayr\u0131 ayr\u0131 paketlenmi\u015ftir.<\/li>\n<\/ul>\n<p style=\"text-align: center;\"><\/p>\n<hr>\n<p>&nbsp;<\/p>\n<h3 dir=\"ltr\"><b>Toptan Sat\u0131\u015f ve Paketleme Bilgileri<\/b><\/h3>\n<p dir=\"ltr\">Zisto Western Duck Oda Kokusu, yaln\u0131zca toptan sat\u0131\u015f ortaklar\u0131m\u0131za sat\u0131lmaktad\u0131r. Ambalaj\u0131m\u0131z, kolay stoklama, da\u011f\u0131t\u0131m ve \u00e7ok y\u00f6nl\u00fc perakende te\u015fhiri i\u00e7in ak\u0131ll\u0131ca tasarlanm\u0131\u015ft\u0131r. <\/p>\n<ul dir=\"ltr\">\n<li><b>Sat\u0131\u015f Birimi:<\/b> Ana Karton<\/li>\n<li><b>Karton \u0130\u00e7eri\u011fi:<\/b> Her Ana Karton <b>8 adet perakendeye haz\u0131r set<\/b> i\u00e7erir.<\/li>\n<li><b>Set \u0130\u00e7eri\u011fi:<\/b> Her bir set, <b>4 benzersiz Duckie Swing<\/b> karakterinin tamam\u0131n\u0131 i\u00e7eren bir koleksiyon i\u00e7erir. Bu, m\u00fc\u015fterilerinizin koleksiyonun tamam\u0131n\u0131 tek bir paket halinde sat\u0131n almalar\u0131na veya bunlar\u0131 tek tek satman\u0131za olanak tan\u0131r. <\/li>\n<li><b>Set Ba\u015f\u0131na \u00c7e\u015fit:<\/b>\n<ul>\n<li>1 x Atlet \u00d6rdek<\/li>\n<li>1 x Bat\u0131 \u00d6rde\u011fi<\/li>\n<li>1 x Globetrotter \u00d6rdek<\/li>\n<li>1 x Bah\u00e7\u0131van \u00d6rde\u011fi<\/li>\n<\/ul>\n<\/li>\n<li><b>Toplam Birimler<\/b>: Bu konfig\u00fcrasyon, ana karton ba\u015f\u0131na toplam <b>32 birim<\/b> (her biri 4 birim x 8 set) ve her d\u00f6rt karakterden 8 birimlik dengeli bir envanter sa\u011flayarak, hemen sat\u0131\u015fa haz\u0131r hale getirir.<\/li>\n<\/ul>\n<p style=\"text-align: center;\"><\/p>\n<hr dir=\"ltr\">\n<h3 dir=\"ltr\"><b>Son Kullan\u0131c\u0131 G\u00fcvenli\u011fi ve Bak\u0131m Talimatlar\u0131<\/b><\/h3>\n<p dir=\"ltr\">M\u00fc\u015fterilerinize g\u00fcvenli ve do\u011fru kullan\u0131m i\u00e7in gerekli bilgileri sa\u011flay\u0131n.<\/p>\n<p dir=\"ltr\"><b>Kullan\u0131m \u015eekli:<\/b> Western Duck Hava Temizleyiciyi araban\u0131z\u0131n dikiz aynas\u0131na veya istedi\u011finiz herhangi bir yere as\u0131n ve hafif kokunun tad\u0131n\u0131 \u00e7\u0131kar\u0131n.<\/p>\n<p dir=\"ltr\"><b>Bak\u0131m ve Saklama:<\/b> 5\u00b0C ile 30\u00b0C (41\u00b0F ile 86\u00b0F) aras\u0131ndaki bir s\u0131cakl\u0131kta saklay\u0131n. Koku ve kalitesini korumak i\u00e7in do\u011frudan, yo\u011fun g\u00fcne\u015f \u0131\u015f\u0131\u011f\u0131ndan uzak tutun. <\/p>\n<p dir=\"ltr\"><b>\u00d6nemli G\u00fcvenlik Uyar\u0131lar\u0131:<\/b><\/p>\n<ul dir=\"ltr\">\n<li><b>Oyuncak de\u011fil.<\/b> Bu \u00fcr\u00fcn yaln\u0131zca dekoratif ve oda ferahlat\u0131c\u0131 ama\u00e7l\u0131d\u0131r. L\u00fctfen \u00e7ocuklar\u0131n eri\u015femeyece\u011fi yerde saklay\u0131n. <\/li>\n<li><b>Y\u00fczey Temas\u0131ndan Ka\u00e7\u0131n\u0131n.<\/b> Koku ya\u011flar\u0131n\u0131n yol a\u00e7abilece\u011fi olas\u0131 hasarlar\u0131 \u00f6nlemek i\u00e7in, hava spreyinin serbest\u00e7e as\u0131l\u0131 oldu\u011fundan ve g\u00f6sterge paneli, d\u00f6\u015feme veya di\u011fer y\u00fczeylerle temas etmedi\u011finden emin olun.<\/li>\n<li><b>Alerjik Reaksiyon Potansiyeli.<\/b> Alerjik cilt reaksiyonuna neden olabilir. \u00dcr\u00fcn\u00fcn s\u0131v\u0131s\u0131 cilde temas ederse, sabun ve suyla iyice y\u0131kay\u0131n. Tahri\u015f veya k\u0131zar\u0131kl\u0131k olu\u015fursa, t\u0131bbi yard\u0131m al\u0131n.  <\/li>\n<\/ul>\n<p dir=\"ltr\"><b>Yasal Uyar\u0131: <\/b>\u00dcretici, bu \u00fcr\u00fcn\u00fcn uygunsuz kullan\u0131m\u0131 sonucu olu\u015fabilecek hi\u00e7bir hasardan sorumlu de\u011fildir.<\/p>\n<hr dir=\"ltr\">\n<h3 dir=\"ltr\"><b>Stock the Charm, Drive the Sales<\/b><\/h3>\n<p dir=\"ltr\">Zisto Western Duck Hava Temizleyici, <b>yenilik\u00e7i araba kokular\u0131 <\/b>ve olmazsa olmaz <b>perakende araba aksesuarlar\u0131n\u0131n<\/b> m\u00fckemmel birle\u015fimidir. \u00c7e\u015fitli karakter yelpazesi, y\u00fcksek kaliteli yap\u0131s\u0131 ve kullan\u0131\u015fl\u0131 toptan ambalaj\u0131yla kolay ve karl\u0131 bir se\u00e7imdir. Bu <b>e\u015fsiz dikiz aynas\u0131 s\u00fcs\u00fcn\u00fc toptan<\/b> olarak stoklay\u0131n ve m\u00fc\u015fterilerinize hem kendileri hem de hediye olarak sat\u0131n almaktan heyecan duyacaklar\u0131 bir \u00fcr\u00fcn sunun. <b>Toptan araba hava temizleyicileri sipari\u015f<\/b> etmek i\u00e7in bug\u00fcn bizimle ileti\u015fime ge\u00e7in ve Duckie Swing&#8217;in ma\u011fazan\u0131zda sihrini g\u00f6stermesine izin verin.   <\/p>\n<p dir=\"ltr\" style=\"text-align: center;\"><\/p>\n","protected":false},"excerpt":{"rendered":"<p>Western Duck Hava Tazeleyici Bat\u0131 \u00f6rde\u011fi, bat\u0131n\u0131n \u00e7\u00f6l\u00fcn\u00fcn kalbinde, kovboy \u015fapkas\u0131yla adalet ar\u0131yor. Her yolculu\u011funda yeni zorluklarla kar\u015f\u0131la\u015f\u0131yor ve engebeli ve tehlikeli yollardan asla korkmuyor. &nbsp; &nbsp; \u00dcr\u00fcn \u00d6zellikleri ve Kalitesi \u00d6nde gelen bir ara\u00e7 kokusu da\u011f\u0131t\u0131c\u0131s\u0131 olan Zisto, kaliteye kendini adam\u0131\u015ft\u0131r. Western Duck Hava Kokusu, m\u00fc\u015fterileri etkilemek ve tekrarlanan al\u0131\u015fveri\u015fleri garantilemek i\u00e7in tasarlanm\u0131\u015ft\u0131r. Uzun [&hellip;]<\/p>\n","protected":false},"featured_media":3240,"template":"","meta":[],"product_brand":[],"product_cat":[170,172],"product_tag":[],"class_list":{"0":"post-3967","1":"product","2":"type-product","3":"status-publish","4":"has-post-thumbnail","6":"product_cat-oda-spreyi","7":"product_cat-sallanan-ordek-oto-kokusu","8":"pa_essence-kahve","10":"first","11":"instock","12":"shipping-taxable","13":"product-type-simple"},"_links":{"self":[{"href":"https:\/\/zistoco.com\/tr\/wp-json\/wp\/v2\/product\/3967","targetHints":{"allow":["GET"]}}],"collection":[{"href":"https:\/\/zistoco.com\/tr\/wp-json\/wp\/v2\/product"}],"about":[{"href":"https:\/\/zistoco.com\/tr\/wp-json\/wp\/v2\/types\/product"}],"version-history":[{"count":1,"href":"https:\/\/zistoco.com\/tr\/wp-json\/wp\/v2\/product\/3967\/revisions"}],"predecessor-version":[{"id":6417,"href":"https:\/\/zistoco.com\/tr\/wp-json\/wp\/v2\/product\/3967\/revisions\/6417"}],"wp:featuredmedia":[{"embeddable":true,"href":"https:\/\/zistoco.com\/tr\/wp-json\/wp\/v2\/media\/3240"}],"wp:attachment":[{"href":"https:\/\/zistoco.com\/tr\/wp-json\/wp\/v2\/media?parent=3967"}],"wp:term":[{"taxonomy":"product_brand","embeddable":true,"href":"https:\/\/zistoco.com\/tr\/wp-json\/wp\/v2\/product_brand?post=3967"},{"taxonomy":"product_cat","embeddable":true,"href":"https:\/\/zistoco.com\/tr\/wp-json\/wp\/v2\/product_cat?post=3967"},{"taxonomy":"product_tag","embeddable":true,"href":"https:\/\/zistoco.com\/tr\/wp-json\/wp\/v2\/product_tag?post=3967"}],"curies":[{"name":"wp","href":"https:\/\/api.w.org\/{rel}","templated":true}]}}