{"id":4245,"date":"2025-04-27T19:19:25","date_gmt":"2025-04-27T15:49:25","guid":{"rendered":"https:\/\/zistoco.com\/heyvan-formali-hava-t%c9%99rav%c9%99tl%c9%99ndirici-model-fil\/"},"modified":"2025-10-18T13:08:11","modified_gmt":"2025-10-18T09:38:11","slug":"fil-s%c9%99killi-avtomobil-hava-etirl%c9%99ndiricisi-n%c9%99z%c9%99k%c9%99tli-velur-dizayn-uzunmudd%c9%99tli-etir-il%c9%99","status":"publish","type":"product","link":"https:\/\/zistoco.com\/az\/fil-s%c9%99killi-avtomobil-hava-etirl%c9%99ndiricisi-n%c9%99z%c9%99k%c9%99tli-velur-dizayn-uzunmudd%c9%99tli-etir-il%c9%99\/","title":{"rendered":"Fil \u015e\u0259killi Avtomobil Hava \u018ftirl\u0259ndiricisi \u2013 N\u0259z\u0259k\u0259tli Velur Dizayn Uzunm\u00fcdd\u0259tli \u018ftir il\u0259"},"content":{"rendered":"<h1>\ud83d\udc18 Fil \u015e\u0259killi Avtomobil Hava \u018ftirl\u0259ndiricisi \u2013 N\u0259z\u0259k\u0259tli Velur Dizayn Uzunm\u00fcdd\u0259tli \u018ftir il\u0259<\/h1>\n<p><strong>Fil \u015e\u0259killi Hava \u018ftirl\u0259ndiricisi<\/strong> il\u0259 s\u00fcr\u00fc\u015f t\u0259cr\u00fcb\u0259nizi y\u00fcks\u0259ldin v\u0259 \u015f\u0259xsi m\u0259kan\u0131n\u0131z\u0131 t\u0259z\u0259l\u0259yin \u2014 bu sevimli heyvan \u015f\u0259killi asq\u0131 oyuncaq dizayn\u0131 il\u0259 g\u00fccl\u00fc, uzunm\u00fcdd\u0259tli \u0259tiri birl\u0259\u015fdirir. Y\u00fcks\u0259k keyfiyy\u0259tli velur qat\u0131 il\u0259 \u00f6rt\u00fclm\u00fc\u015f v\u0259 premium \u0259sas \u0259tirl\u0259rl\u0259 doldurulmu\u015f bu sevimli fil avtomobiliniz\u0259, eviniz\u0259 v\u0259 ya ofisiniz\u0259 d\u0259rhal cazib\u0259 \u0259lav\u0259 edir. 6x4x4 sm \u00f6l\u00e7\u00fcl\u0259ri il\u0259 geri g\u00f6r\u00fc\u015f g\u00fczg\u00fcs\u00fcn\u0259 as\u0131lmaq \u00fc\u00e7\u00fcn kifay\u0259t q\u0259d\u0259r ki\u00e7ikdir v\u0259 g\u00f6r\u00fc\u015f\u00fcn\u00fcz\u00fc mane\u0259 t\u00f6r\u0259tmir, lakin daxili m\u00fchitinizi g\u00f6z\u0259l \u015f\u0259kild\u0259 z\u0259nginl\u0259\u015fdir\u0259c\u0259k q\u0259d\u0259r cazib\u0259lidir.<\/p>\n<h2>\u2728 Niy\u0259 Fil Hava \u018ftirl\u0259ndiricisini Se\u00e7m\u0259lisiniz?<\/h2>\n<ul>\n<li><strong>Sevimli Heyvan Dizayn\u0131:<\/strong> \u0130fad\u0259li g\u00f6zl\u0259ri v\u0259 velur qat\u0131 il\u0259 sevimli, stiliz\u0259 edilmi\u015f fil avtomobiliniz\u0259 v\u0259 ya ya\u015fay\u0131\u015f m\u0259kan\u0131n\u0131za d\u0259rhal \u015f\u0259xsiyy\u0259t \u0259lav\u0259 edir.<\/li>\n<li><strong>Premium Velur T\u0259b\u0259q\u0259:<\/strong> B\u0259d\u0259ni y\u00fcks\u0259k keyfiyy\u0259tli, yum\u015faq flocking material\u0131 il\u0259 \u00f6rt\u00fclm\u00fc\u015fd\u00fcr ki, toxunmaq z\u00f6vq verir v\u0259 tozun v\u0259 r\u0259ng sol\u011funlu\u011funun qar\u015f\u0131s\u0131n\u0131 al\u0131r \u2014 g\u00fcnd\u0259lik istifad\u0259 \u00fc\u00e7\u00fcn ideal.<\/li>\n<li><strong>Z\u0259h\u0259rsiz Plastik N\u00fcv\u0259:<\/strong> Daxili struktur m\u00f6hk\u0259m, z\u0259h\u0259rsiz plastikd\u0259n haz\u0131rlanm\u0131\u015fd\u0131r v\u0259 u\u015faqlar, ev heyvanlar\u0131 v\u0259 h\u0259ssas m\u00fchitl\u0259r \u00fc\u00e7\u00fcn t\u0259hl\u00fck\u0259sizdir.<\/li>\n<li><strong>Uzunm\u00fcdd\u0259tli \u018ftir:<\/strong> Konsentratla\u015fd\u0131r\u0131lm\u0131\u015f, y\u00fcks\u0259k keyfiyy\u0259tli \u0259sas \u0259tirl\u0259rl\u0259 doldurulmu\u015fdur v\u0259 t\u0259xmin\u0259n <strong>iki ay<\/strong> boyu davaml\u0131, t\u0259z\u0259 \u0259tir burax\u0131r.<\/li>\n<li><strong>Cazib\u0259dar \u018ftir Se\u00e7imi:<\/strong> Mango, \u00c7iy\u0259l\u0259k, Sevgi, Okean, Dar\u00e7\u0131n-Alma v\u0259 Seduser kimi alt\u0131 \u0259tir se\u00e7imi m\u00f6vcuddur \u2014 ruh hal\u0131n\u0131za v\u0259 ya daxili dekorasiya \u00fcslubunuza uy\u011funla\u015fmaq imkan\u0131 verir.<\/li>\n<li><strong>H\u0259diyy\u0259 v\u0259 P\u0259rak\u0259nd\u0259 Sat\u0131\u015f \u00dc\u00e7\u00fcn \u0130deal:<\/strong> U\u015faqlar, s\u00fcr\u00fcc\u00fcl\u0259r \u00fc\u00e7\u00fcn maraql\u0131 h\u0259diyy\u0259 v\u0259 ya p\u0259rak\u0259nd\u0259 sat\u0131\u015f, ofis v\u0259 ya qonaqp\u0259rv\u0259rlik m\u00fchitl\u0259rind\u0259 dekorativ element kimi ideal se\u00e7imdir.<\/li>\n<\/ul>\n<h2>\ud83c\udf1f G\u00fcnd\u0259lik \u0130stifad\u0259 v\u0259 \u00c7oxm\u0259qs\u0259dli T\u0259tbiq \u00dc\u00e7\u00fcn N\u0259z\u0259rd\u0259 Tutulub<\/h2>\n<p>Fil Hava \u018ftirl\u0259ndiricisi yaln\u0131z avtomobill\u0259r \u00fc\u00e7\u00fcn deyil \u2014 onun sevimli dizayn\u0131 v\u0259 n\u0259zak\u0259tli \u0259tiri onu h\u0259r hans\u0131 m\u00fchit \u00fc\u00e7\u00fcn ideal edir, burada oyuncaq v\u0259 t\u0259z\u0259lik elementi \u0259lav\u0259 etm\u0259k ist\u0259yirsiniz. Onu u\u015fa\u011f\u0131n\u0131z\u0131n ota\u011f\u0131na, ofis stolunuza, u\u015faq ba\u011f\u00e7as\u0131na v\u0259 ya h\u0259tta butik otelin lobbin\u0259 as\u0131n ki, qonaqp\u0259rv\u0259r v\u0259 aromatik atmosfer yarad\u0131n.<\/p>\n<p>Kompakt \u00f6l\u00e7\u00fcl\u0259ri s\u00fcr\u00fc\u015f zaman\u0131 g\u00f6r\u00fc\u015f\u00fcn\u00fcz\u00fc he\u00e7 vaxt mane\u0259 t\u00f6r\u0259tmir v\u0259 inteqrasiya olunmu\u015f asma ilg\u0259k d\u0259rhal qura\u015fd\u0131rma imkan\u0131 verir \u2014 he\u00e7 bir al\u0259t v\u0259 ya yap\u0131\u015fqan t\u0259l\u0259b olunmur. Velur tekstura yaln\u0131z toxunmaq z\u00f6vq vermir, h\u0259m d\u0259 tozdan qorunma\u011fa k\u00f6m\u0259k edir v\u0259 h\u0259ft\u0259l\u0259r boyu hava \u0259tirl\u0259ndiricinizin t\u0259miz v\u0259 yeni g\u00f6r\u00fcnm\u0259sini t\u0259min edir.<\/p>\n<p>Heyvan m\u00f6vzulu hava \u0259tirl\u0259ndiricil\u0259r kolleksiyas\u0131n\u0131n bir hiss\u0259si kimi Fil modeli tez-tez Ay\u0131, Qurba\u011fa, \u015eir, Maral, Dov\u015fan v\u0259 Canavar kimi dig\u0259r populyar dizaynlarla birlikd\u0259 sat\u0131l\u0131r \u2014 bu da r\u0259fl\u0259rind\u0259 m\u00fcxt\u0259liflik v\u0259 vizual c\u0259lbedicilik t\u0259klif etm\u0259k ist\u0259y\u0259n p\u0259rak\u0259nd\u0259 sat\u0131c\u0131lar \u00fc\u00e7\u00fcn ideal se\u00e7imdir.<\/p>\n<table style=\"width: 100%; border-collapse: collapse; margin: 20px 0; font-family: Arial, sans-serif;\">\n<thead>\n<tr style=\"background-color: #f5f5f5;\">\n<th style=\"border: 1px solid #ddd; padding: 12px; text-align: left;\">X\u00fcsusiyy\u0259t<\/th>\n<th style=\"border: 1px solid #ddd; padding: 12px; text-align: left;\">T\u0259f\u0259rr\u00fcatlar<\/th>\n<\/tr>\n<\/thead>\n<tbody>\n<tr>\n<td style=\"border: 1px solid #ddd; padding: 10px;\"><strong>M\u0259hsulun Ad\u0131<\/strong><\/td>\n<td style=\"border: 1px solid #ddd; padding: 10px;\">Fil \u015e\u0259killi Hava \u018ftirl\u0259ndiricisi<\/td>\n<\/tr>\n<tr>\n<td style=\"border: 1px solid #ddd; padding: 10px;\"><strong>Dizayn<\/strong><\/td>\n<td style=\"border: 1px solid #ddd; padding: 10px;\">\u0130fad\u0259li g\u00f6zl\u0259ri olan sevimli, stiliz\u0259 edilmi\u015f fil, velur qatl\u0131<\/td>\n<\/tr>\n<tr>\n<td style=\"border: 1px solid #ddd; padding: 10px;\"><strong>Material<\/strong><\/td>\n<td style=\"border: 1px solid #ddd; padding: 10px;\">Yum\u015faq flocking xarici qat + z\u0259h\u0259rsiz plastik n\u00fcv\u0259<\/td>\n<\/tr>\n<tr>\n<td style=\"border: 1px solid #ddd; padding: 10px;\"><strong>\u00d6l\u00e7\u00fcl\u0259r<\/strong><\/td>\n<td style=\"border: 1px solid #ddd; padding: 10px;\">6 sm \u00d7 4 sm \u00d7 4 sm<\/td>\n<\/tr>\n<tr>\n<td style=\"border: 1px solid #ddd; padding: 10px;\"><strong>\u018ftirin Davaml\u0131l\u0131\u011f\u0131<\/strong><\/td>\n<td style=\"border: 1px solid #ddd; padding: 10px;\">T\u0259xmin\u0259n 2 ay<\/td>\n<\/tr>\n<tr>\n<td style=\"border: 1px solid #ddd; padding: 10px;\"><strong>M\u00f6vcud \u018ftir N\u00f6vl\u0259ri<\/strong><\/td>\n<td style=\"border: 1px solid #ddd; padding: 10px;\">Mango, \u00c7iy\u0259l\u0259k, Sevgi, Okean, Dar\u00e7\u0131n-Alma, Seduser<\/td>\n<\/tr>\n<tr>\n<td style=\"border: 1px solid #ddd; padding: 10px;\"><strong>\u0130stifad\u0259 Sah\u0259si<\/strong><\/td>\n<td style=\"border: 1px solid #ddd; padding: 10px;\">Avtomobill\u0259r, evl\u0259r, ofisl\u0259r, u\u015faq ba\u011f\u00e7alar\u0131, p\u0259rak\u0259nd\u0259 sat\u0131\u015f ekranlar\u0131<\/td>\n<\/tr>\n<tr>\n<td style=\"border: 1px solid #ddd; padding: 10px;\"><strong>Paketi<\/strong><\/td>\n<td style=\"border: 1px solid #ddd; padding: 10px;\">24 \u0259d\u0259dli qar\u0131\u015f\u0131q stendl\u0259rd\u0259 sat\u0131l\u0131r (1 kartonda 10 stand = c\u0259mi 240 \u0259d\u0259d)<\/td>\n<\/tr>\n<tr>\n<td style=\"border: 1px solid #ddd; padding: 10px;\"><strong>Dizaynlar\u0131n M\u00fcxt\u0259lifliyi<\/strong><\/td>\n<td style=\"border: 1px solid #ddd; padding: 10px;\">Fil, Ay\u0131, Qurba\u011fa, \u015eir, Maral, Dov\u015fan v\u0259 Canavar daxildir (h\u0259r standda f\u0259rql\u0259nir)<\/td>\n<\/tr>\n<tr>\n<td style=\"border: 1px solid #ddd; padding: 10px;\"><strong>M\u0259n\u015f\u0259<\/strong><\/td>\n<td style=\"border: 1px solid #ddd; padding: 10px;\">\u0130ran istehsal\u0131, premium materiallar v\u0259 \u0259sas \u0259tirl\u0259rl\u0259<\/td>\n<\/tr>\n<\/tbody>\n<\/table>\n<h2>\ud83d\udce6 B\u00f6y\u00fck Partiyalar v\u0259 \u0130xrac \u00dc\u00e7\u00fcn Haz\u0131r Paketl\u0259m\u0259<\/h2>\n<p>Beyn\u0259lxalq distributorlar v\u0259 iri partiyalar \u00fc\u00e7\u00fcn n\u0259z\u0259rd\u0259 tutulmu\u015f Fil Hava \u018ftirl\u0259ndiricisi s\u0259m\u0259r\u0259li, ekran \u00fc\u00e7\u00fcn haz\u0131r formada paketl\u0259nir:<\/p>\n<ul>\n<li><strong>H\u0259r Stand:<\/strong> 24 qar\u0131\u015f\u0131q heyvan fiquru (Fil, Ay\u0131, Qurba\u011fa, \u015eir, Maral, Dov\u015fan, Canavar daxildir)<\/li>\n<li><strong>H\u0259r Karton:<\/strong> 10 stand = c\u0259mi 240 \u0259d\u0259d<\/li>\n<li><strong>Karton \u00d6l\u00e7\u00fcl\u0259ri:<\/strong> Standart ixrac kartonu (x\u00fcsusi \u00f6l\u00e7\u00fcl\u0259r sor\u011fu \u0259sas\u0131nda m\u00f6vcuddur)<\/li>\n<li><strong>Minimum Sifari\u015f Miqdar\u0131:<\/strong> Ki\u00e7ik idxal\u00e7\u0131lar v\u0259 iri h\u0259cmli al\u0131c\u0131lar \u00fc\u00e7\u00fcn uy\u011fundur<\/li>\n<\/ul>\n<p>Zavodumuz beyn\u0259lxalq t\u0259hl\u00fck\u0259sizlik standartlar\u0131na uy\u011fundur v\u0259 b\u00fct\u00fcn materiallar\u0131n z\u0259h\u0259rsiz, ftalats\u0131z v\u0259 u\u015faqlarla ev heyvanlar\u0131 \u00fc\u00e7\u00fcn t\u0259hl\u00fck\u0259siz olmas\u0131n\u0131 t\u0259min edir. H\u0259r bir vahid \u0259tirin b\u0259rab\u0259rliyi v\u0259 m\u00f6hk\u0259mliyi \u00fc\u00e7\u00fcn ciddi \u015f\u0259kild\u0259 test edilir.<\/p>\n<h2>\ud83c\udf0d Qlobal Bazarlar \u00dc\u00e7\u00fcn \u0130deal<\/h2>\n<p>Bu m\u0259hsul Avropa, Orta \u015e\u0259rq, Asiya, Afrika v\u0259 \u015eimali Amerikada m\u0259\u015fhurdur \u2014 x\u00fcsusil\u0259 valideynl\u0259r, g\u0259nc s\u00fcr\u00fcc\u00fcl\u0259r v\u0259 unikal, y\u00fcks\u0259k g\u0259lirli novelti m\u0259hsullar axtaran p\u0259rak\u0259nd\u0259 sat\u0131c\u0131lar aras\u0131nda. \u00dcmumd\u00fcnya m\u0259\u015fhurlu\u011funun s\u0259b\u0259bi cazib\u0259darl\u0131q, funksionall\u0131q v\u0259 \u0259l\u00e7atanl\u0131q birl\u0259\u015fm\u0259sidir.<\/p>\n<h2>\u2705 Al\u0131c\u0131lar \u00dc\u00e7\u00fcn \u018fsas \u00dcst\u00fcnl\u00fckl\u0259r<\/h2>\n<ul>\n<li>\u2705 <strong>Y\u00fcks\u0259k Vizual C\u0259lbedicilik:<\/strong> Yum\u015faq velur tekstura v\u0259 sevimli heyvan formalar\u0131 r\u0259fl\u0259rd\u0259 diqq\u0259ti c\u0259lb edir.<\/li>\n<li>\u2705 <strong>G\u00fccl\u00fc G\u0259lir Marjas\u0131:<\/strong> H\u0259r vahid\u0259 g\u00f6r\u0259 a\u015fa\u011f\u0131 maya d\u0259y\u0259ri v\u0259 y\u00fcks\u0259k idrak edil\u0259n d\u0259y\u0259r onu yenid\u0259n satmaq \u00fc\u00e7\u00fcn ideal edir.<\/li>\n<li>\u2705 <strong>F\u0259rdil\u0259\u015fdiril\u0259 bil\u0259n:<\/strong> \u015e\u0259xsi brendl\u0259\u015fdirm\u0259, x\u00fcsusi \u0259tir qar\u0131\u015f\u0131qlar\u0131 v\u0259 \u00e7oxdilli paketl\u0259m\u0259 m\u00f6vcuddur.<\/li>\n<li>\u2705 <strong>Tez \u00c7atd\u0131r\u0131lma:<\/strong> M\u00f6vcud istehsal g\u00fcc\u00fc m\u00f6vs\u00fcmi t\u0259l\u0259bl\u0259ri v\u0259 iri sifari\u015fl\u0259ri \u00f6d\u0259m\u0259y\u0259 imkan verir.<\/li>\n<li>\u2705 <strong>T\u0259hl\u00fck\u0259siz v\u0259 Ekoloji:<\/strong> Z\u0259h\u0259rsiz, t\u0259krar emal oluna bil\u0259n materiallar v\u0259 REACH\/RoHS qaydalar\u0131na uy\u011funluq.<\/li>\n<\/ul>\n<h2>\ud83c\udf81 Sevinc Ver\u0259n H\u0259diyy\u0259<\/h2>\n<p>Fil Hava \u018ftirl\u0259ndiricisi ad g\u00fcn\u00fc, u\u015faq ba\u011f\u00e7as\u0131 a\u00e7\u0131l\u0131\u015f\u0131, s\u00fcr\u00fcc\u00fcl\u00fck v\u0259siq\u0259si v\u0259 ya bayram kampaniyalar\u0131 \u00fc\u00e7\u00fcn d\u00fc\u015f\u00fcn\u00fclm\u00fc\u015f h\u0259diyy\u0259 kimi xidm\u0259t ed\u0259 bil\u0259r. Oyuncaq dizayn\u0131 u\u015faqlar v\u0259 yetkinl\u0259r \u00fc\u00e7\u00fcn cazib\u0259lidir v\u0259 onu korporativ h\u0259diyy\u0259l\u0259r, sadiqlik proqramlar\u0131 v\u0259 ya bayram d\u0259stl\u0259ri \u00fc\u00e7\u00fcn \u00e7oxm\u0259qs\u0259dli se\u00e7im edir.<\/p>\n<h2>\ud83d\uded2 Fil Hava \u018ftirl\u0259ndiricil\u0259rinizi \u0130ndi Sifari\u015f Edin!<\/h2>\n<p>Y\u00fczl\u0259rl\u0259 m\u0259mnun beyn\u0259lxalq al\u0131c\u0131ya qo\u015fulun ki, onlar da heyvan \u015f\u0259killi hava \u0259tirl\u0259ndiricil\u0259rimiz\u0259 onlar\u0131n keyfiyy\u0259tin\u0259, cazib\u0259darl\u0131\u011f\u0131na v\u0259 etibarl\u0131 performans\u0131na g\u00f6r\u0259 etibar edirl\u0259r. \u0130lk s\u0131naq sifari\u015finizi verm\u0259k v\u0259 ya bayram m\u00f6vs\u00fcm\u00fc \u00fc\u00e7\u00fcn stok art\u0131rmaq ist\u0259s\u0259niz d\u0259, f\u0259rdi d\u0259st\u0259k, n\u00fcmun\u0259 d\u0259stl\u0259ri v\u0259 r\u0259qab\u0259tqabiliyy\u0259tli FOB qiym\u0259tl\u0259ri t\u0259klif edirik.<\/p>\n<p><strong>Anbar\u0131n\u0131za t\u0259z\u0259lik \u0259lav\u0259 edin. M\u00fc\u015ft\u0259ril\u0259rinizi sevindirin. Biznesinizi inki\u015faf etdirin.<\/strong><br \/>\nKataloq, qiym\u0259t siyah\u0131s\u0131 v\u0259 ya x\u00fcsusi t\u0259klif almaq \u00fc\u00e7\u00fcn indi biziml\u0259 \u0259laq\u0259 saxlay\u0131n!<\/p>\n","protected":false},"excerpt":{"rendered":"<p><strong>X\u00fcsusiyy\u0259tl\u0259r:<\/strong><\/p>\n<p><em>\u00d6l\u00e7\u00fcl\u0259ri: <\/em><strong>6x4x4 sm<\/strong><\/p>\n<p><em>Qoxular:<\/em><strong> Manqo, \u00c7iy\u0259l\u0259k, Sevgi, Okean, Dar\u00e7\u0131n-Alma, Seducer<\/strong><\/p>\n<p><em>M\u00fcdd\u0259t: <\/em><strong>T\u0259xmin\u0259n iki ay<\/strong><\/p>\n<p><strong>Qabla\u015fd\u0131rma:<\/strong><\/p>\n<p>H\u0259r stendd\u0259 24 \u0259d\u0259d<\/p>\n<p>Bir paketd\u0259 240 \u0259d\u0259d (paketd\u0259 10 \u0259d\u0259d)<\/p>\n<p><strong>X\u00fcsusiyy\u0259tl\u0259r:<\/strong><\/p>\n<p>Oynaq toxunu\u015f \u00fc\u00e7\u00fcn \u0259yl\u0259nc\u0259li v\u0259 cazib\u0259dar heyvan dizaynlar\u0131<\/p>\n<p>Esansla dolu v\u0259 y\u0131\u011f\u0131lm\u0131\u015f b\u0259d\u0259n<\/p>\n<p>Avtomobilinizi v\u0259 ya evinizi t\u0259rav\u0259tl\u0259ndirm\u0259k \u00fc\u00e7\u00fcn m\u00fcxt\u0259lif qoxular<\/p>\n","protected":false},"featured_media":2446,"template":"","meta":[],"product_brand":[],"product_cat":[153],"product_tag":[],"class_list":{"0":"post-4245","1":"product","2":"type-product","3":"status-publish","4":"has-post-thumbnail","6":"product_cat-heyvan-fiqurlu-avtomobil-tiri","8":"first","9":"instock","10":"shipping-taxable","11":"product-type-simple"},"_links":{"self":[{"href":"https:\/\/zistoco.com\/az\/wp-json\/wp\/v2\/product\/4245","targetHints":{"allow":["GET"]}}],"collection":[{"href":"https:\/\/zistoco.com\/az\/wp-json\/wp\/v2\/product"}],"about":[{"href":"https:\/\/zistoco.com\/az\/wp-json\/wp\/v2\/types\/product"}],"version-history":[{"count":2,"href":"https:\/\/zistoco.com\/az\/wp-json\/wp\/v2\/product\/4245\/revisions"}],"predecessor-version":[{"id":4698,"href":"https:\/\/zistoco.com\/az\/wp-json\/wp\/v2\/product\/4245\/revisions\/4698"}],"wp:featuredmedia":[{"embeddable":true,"href":"https:\/\/zistoco.com\/az\/wp-json\/wp\/v2\/media\/2446"}],"wp:attachment":[{"href":"https:\/\/zistoco.com\/az\/wp-json\/wp\/v2\/media?parent=4245"}],"wp:term":[{"taxonomy":"product_brand","embeddable":true,"href":"https:\/\/zistoco.com\/az\/wp-json\/wp\/v2\/product_brand?post=4245"},{"taxonomy":"product_cat","embeddable":true,"href":"https:\/\/zistoco.com\/az\/wp-json\/wp\/v2\/product_cat?post=4245"},{"taxonomy":"product_tag","embeddable":true,"href":"https:\/\/zistoco.com\/az\/wp-json\/wp\/v2\/product_tag?post=4245"}],"curies":[{"name":"wp","href":"https:\/\/api.w.org\/{rel}","templated":true}]}}