{"id":4240,"date":"2026-02-13T13:05:16","date_gmt":"2026-02-13T09:35:16","guid":{"rendered":"https:\/\/zistoco.com\/plastik-qarmaqli-vantuz-kuboku-12-paket\/"},"modified":"2025-10-15T10:26:53","modified_gmt":"2025-10-15T06:56:53","slug":"plastik-qarmaqli-vantuz-kuboku-12-paket","status":"publish","type":"product","link":"https:\/\/zistoco.com\/az\/plastik-qarmaqli-vantuz-kuboku-12-paket\/","title":{"rendered":"Orta \u00d6l\u00e7\u00fcl\u00fc \u015e\u0259ffaf Vakuumlu Kup\u00e7a Plastik Qarmaqla (4 sm diametr) \u2013 Toplu \u0130xrac Paketi"},"content":{"rendered":"<h2>Orta \u00d6l\u00e7\u00fcl\u00fc \u015e\u0259ffaf Vakuumlu Kup\u00e7a Plastik Qarmaqla (4 sm diametr) \u2013 Toplu \u0130xrac Paketi<\/h2>\n<p>Ev, ofis v\u0259 ya ma\u011faza sah\u0259nizi bizim <strong>Premium Orta \u00d6l\u00e7\u00fcl\u00fc \u0130nteqral Plastik Qarmaql\u0131 Vakuumlu Kup\u00e7am\u0131zla<\/strong> t\u0259kmill\u0259\u015fdirin. Bu \u00e7ox y\u00f6nl\u00fc qarmaq \u015f\u00fc\u015f\u0259, kafel, g\u00fczg\u00fcl\u0259r v\u0259 parlaq taxta kimi hamar s\u0259thl\u0259r\u0259 z\u0259d\u0259 verm\u0259d\u0259n asanl\u0131qla as\u0131lmas\u0131n\u0131 t\u0259min edir v\u0259 etibarl\u0131 m\u00f6hk\u0259mlik il\u0259 z\u0259rif sad\u0259lik birl\u0259\u015fdirir.<\/p>\n<p>Y\u00fcks\u0259k keyf\u0259tli, m\u00f6hk\u0259m plastikd\u0259n haz\u0131rlanm\u0131\u015f h\u0259r bir vakuumlu kup\u00e7an\u0131n maksimum yap\u0131\u015fmaq \u00fc\u00e7\u00fcn <strong>4 sm diametrli<\/strong> \u0259sas\u0131 v\u0259 a\u00e7arlar, d\u0259smallar, m\u0259tb\u0259x \u0259\u015fyalar\u0131, b\u0259z\u0259k \u0259\u015fyalar\u0131 v\u0259 ya ki\u00e7ik \u00e7antalar kimi y\u00fcng\u00fcl \u0259\u015fyalar\u0131 etibarl\u0131 \u015f\u0259kild\u0259 saxlayan m\u00f6hk\u0259m, \u0259yri qarma\u011f\u0131 var. \u015e\u0259ffaf dizayn h\u0259r m\u00fchit\u0259 yax\u015f\u0131 uy\u011funla\u015f\u0131r v\u0259 t\u0259miz, m\u00fcasir g\u00f6r\u00fcn\u00fc\u015f qorunur.<\/p>\n<hr \/>\n<h3>\u2705 \u018fsas X\u00fcsusiyy\u0259tl\u0259r:<\/h3>\n<ul>\n<li><strong>Diametr:<\/strong> 4 sm (orta \u00f6l\u00e7\u00fc)<\/li>\n<li><strong>Material:<\/strong> Y\u00fcks\u0259k keyf\u0259tli \u015f\u0259ffaf plastik \u2014 toksik olmayan, suya davaml\u0131 v\u0259 UV-stabil<\/li>\n<li><strong>Qarmaq Dizayn\u0131:<\/strong> Etibarl\u0131 asmaq \u00fc\u00e7\u00fcn ergonomik, \u0259yri qarmaq<\/li>\n<li><strong>S\u0259th Uy\u011funlu\u011fu:<\/strong> Hamar, g\u00f6zeneksiz s\u0259thl\u0259r \u00fc\u00e7\u00fcn ideal (\u015f\u00fc\u015f\u0259, keramika, metal, akril)<\/li>\n<li><strong>Asan Qura\u015fd\u0131rma v\u0259 \u00c7\u0131xarma:<\/strong> Al\u0259t, qazma v\u0259 ya l\u0259k\u0259 qalm\u0131r \u2014 sad\u0259c\u0259 bas\u0131b yap\u0131\u015fd\u0131r\u0131n!<\/li>\n<li><strong>T\u0259krar \u0130stifad\u0259 v\u0259 Yuyulabilirlik:<\/strong> T\u0259krar istifad\u0259 \u00fc\u00e7\u00fcn yum\u015faq sabun v\u0259 su il\u0259 yuyun<\/li>\n<\/ul>\n<h3>\ud83d\udcca M\u0259hsulun Texniki X\u00fcsusiyy\u0259tl\u0259ri (X\u00fclas\u0259 C\u0259dv\u0259li):<\/h3>\n<table style=\"width: 100%; border-collapse: collapse; font-size: 14px; margin: 15px 0;\" border=\"1\" cellspacing=\"0\" cellpadding=\"8\">\n<thead>\n<tr style=\"background-color: #f5f5f5;\">\n<th style=\"text-align: left; border: 1px solid #ddd;\">X\u00fcsusiyy\u0259t<\/th>\n<th style=\"text-align: left; border: 1px solid #ddd;\">T\u0259f\u0259rr\u00fcatlar<\/th>\n<\/tr>\n<\/thead>\n<tbody>\n<tr>\n<td><strong>M\u0259hsulun Ad\u0131<\/strong><\/td>\n<td>\u015e\u0259ffaf Orta \u00d6l\u00e7\u00fcl\u00fc Plastik Qarmaql\u0131 Vakuumlu Kup\u00e7a<\/td>\n<\/tr>\n<tr>\n<td><strong>Kup\u00e7an\u0131n Diametri<\/strong><\/td>\n<td>4 sm<\/td>\n<\/tr>\n<tr>\n<td><strong>Material<\/strong><\/td>\n<td>Y\u00fcks\u0259k keyf\u0259tli \u015f\u0259ffaf plastik \u2013 toksik deyil, suya davaml\u0131, UV-stabil<\/td>\n<\/tr>\n<tr>\n<td><strong>Da\u015f\u0131ya Bil\u0259c\u0259yi Y\u00fck<\/strong><\/td>\n<td>Y\u00fcng\u00fcl \u0259\u015fyalar \u00fc\u00e7\u00fcn uy\u011fundur (maksimum t\u00f6vsiy\u0259 olunan: 500 q)<\/td>\n<\/tr>\n<tr>\n<td><strong>Uy\u011fun S\u0259thl\u0259r<\/strong><\/td>\n<td>Hamar, g\u00f6zeneksiz s\u0259thl\u0259r: \u015f\u00fc\u015f\u0259, keramika, metal, akril, parlaq s\u0259thl\u0259r<\/td>\n<\/tr>\n<tr>\n<td><strong>P\u0259rak\u0259nd\u0259 Paketl\u0259m\u0259<\/strong><\/td>\n<td>Karton blister paketd\u0259 12 \u0259d\u0259d<\/td>\n<\/tr>\n<tr>\n<td><strong>Vahid \u00c7\u0259kisi<\/strong><\/td>\n<td>T\u0259xmin\u0259n h\u0259r \u0259d\u0259d \u00fc\u00e7\u00fcn 4 q<\/td>\n<\/tr>\n<tr>\n<td><strong>Blister Paket \u00c7\u0259kisi (12 \u0259d\u0259d)<\/strong><\/td>\n<td>T\u0259xmin\u0259n 56 q<\/td>\n<\/tr>\n<tr>\n<td><strong>\u018fsas Qutunun \u00d6l\u00e7\u00fcl\u0259ri<\/strong><\/td>\n<td>20 \u00d7 40 \u00d7 31 sm (U \u00d7 E \u00d7 H)<\/td>\n<\/tr>\n<tr>\n<td><strong>Qutuda \u00dcmumi Say<\/strong><\/td>\n<td>70 blister paket = 840 kup\u00e7a<\/td>\n<\/tr>\n<tr>\n<td><strong>Qutunun \u00dcmumi \u00c7\u0259kisi<\/strong><\/td>\n<td>3.8 kq<\/td>\n<\/tr>\n<tr>\n<td><strong>\u0130xrac \u00dc\u00e7\u00fcn Haz\u0131rd\u0131r<\/strong><\/td>\n<td>B\u0259li \u2013 beyn\u0259lxalq standartlara uy\u011fun paketl\u0259m\u0259<\/td>\n<\/tr>\n<tr>\n<td><strong>F\u0259rdil\u0259\u015fdirm\u0259 \u0130mkanlar\u0131<\/strong><\/td>\n<td>Brendl\u0259\u015fdirm\u0259, r\u0259ng, paketl\u0259m\u0259 dizayn\u0131 v\u0259 loqo (OEM\/ODM m\u00fcmk\u00fcnd\u00fcr)<\/td>\n<\/tr>\n<\/tbody>\n<\/table>\n<hr \/>\n<h3>\ud83d\udce6 Paketl\u0259m\u0259 v\u0259 \u0130xrac X\u00fcsusiyy\u0259tl\u0259ri:<\/h3>\n<p>Biz bu m\u0259hsulun <strong>istehsal\u00e7\u0131s\u0131y\u0131q<\/strong> v\u0259 beyn\u0259lxalq al\u0131c\u0131lara sabit keyfiyy\u0259t v\u0259 r\u0259qab\u0259t qabiliyy\u0259tli qiym\u0259t t\u0259min edirik.<\/p>\n<ul>\n<li><strong>P\u0259rak\u0259nd\u0259 Vahid:<\/strong> H\u0259r bir vakuumlu kup\u00e7a <strong>12 \u0259d\u0259dlik<\/strong> <strong>karton blister paketd\u0259<\/strong> ayr\u0131-ayr\u0131l\u0131qda paketl\u0259nir.<\/li>\n<li><strong>Vahid \u00c7\u0259kisi:<\/strong> ~4 qram<\/li>\n<li><strong>Blister Paket \u00c7\u0259kisi (12 \u0259d\u0259d):<\/strong> ~56 qram<\/li>\n<li><strong>Qutu \u00d6l\u00e7\u00fcl\u0259ri:<\/strong> 20 x 40 x 31 sm (U x E x H)<\/li>\n<li><strong>Qutuda \u00dcmumi Say:<\/strong> 70 blister paket = <strong>840 kup\u00e7a<\/strong><\/li>\n<li><strong>Qutunun \u00dcmumi \u00c7\u0259kisi:<\/strong> 3,800 qram (3.8 kq)<\/li>\n<li><strong>Toplu Sat\u0131\u015f v\u0259 \u0130xrac \u00dc\u00e7\u00fcn \u0130deal:<\/strong> Toplu, sat\u0131ma haz\u0131r ehtiyat axtaran p\u0259rak\u0259nd\u0259 sat\u0131c\u0131lar, distributorlar v\u0259 e-ticar\u0259t platformalar\u0131 \u00fc\u00e7\u00fcn m\u00fck\u0259mm\u0259ldir.<\/li>\n<\/ul>\n<hr \/>\n<h3>\ud83c\udf0d Niy\u0259 Biz?<\/h3>\n<p>Birba\u015fa istehsal\u00e7\u0131 olaraq t\u0259klif edirik:<\/p>\n<ul>\n<li>Beyn\u0259lxalq sifari\u015fl\u0259r \u00fc\u00e7\u00fcn <strong>r\u0259qab\u0259t qabiliyy\u0259tli FOB qiym\u0259tl\u0259r<\/strong><\/li>\n<li>T\u0259l\u0259b\u0259 g\u00f6r\u0259 <strong>f\u0259rdi brendl\u0259\u015fdirm\u0259 v\u0259 paketl\u0259m\u0259<\/strong><\/li>\n<li>B\u00fct\u00fcn istehsal partiyalar\u0131nda <strong>sabit keyfiyy\u0259t n\u0259zar\u0259ti<\/strong><\/li>\n<li>Qlobal t\u0259yinat yerl\u0259rin\u0259 <strong>tez haz\u0131rl\u0131q m\u00fcdd\u0259tl\u0259ri v\u0259 etibarl\u0131 \u00e7atd\u0131r\u0131lma<\/strong><\/li>\n<li>Yeni t\u0259r\u0259fda\u015flar \u00fc\u00e7\u00fcn <strong>minimum sifari\u015f miqdar\u0131nda (MOQ) elastiklik<\/strong><\/li>\n<\/ul>\n<h3>\ud83d\udca1 \u0130deal \u0130stifad\u0259 Sah\u0259l\u0259ri:<\/h3>\n<ul>\n<li>Ev t\u0259\u015fkili v\u0259 vanna ota\u011f\u0131 aksesuarlar\u0131<\/li>\n<li>Ma\u011faza ekspozisiya qarmaqlar\u0131<\/li>\n<li>Otel aksesuarlar\u0131 v\u0259 otaq \u0259\u015fyalar\u0131<\/li>\n<li>H\u0259diyy\u0259 v\u0259 suvenir ma\u011fazalar\u0131<\/li>\n<li>E-ticar\u0259t t\u0259minat m\u0259rk\u0259zl\u0259ri<\/li>\n<\/ul>\n<p><strong>Bazar\u0131n\u0131za uy\u011fun olaraq topdan al\u0131\u015f etm\u0259k v\u0259 ya f\u0259rdil\u0259\u015fdirm\u0259k ist\u0259yirsiniz? Pulsuz n\u00fcmun\u0259, x\u00fcsusi t\u0259klif v\u0259 \u0259trafl\u0131 kataloq almaq \u00fc\u00e7\u00fcn bu g\u00fcn biziml\u0259 \u0259laq\u0259 saxlay\u0131n. G\u0259lin uzunm\u00fcdd\u0259tli t\u0259r\u0259fda\u015fl\u0131q qural\u0131m!<\/strong><\/p>\n<p><!-- Hidden SEO Keywords (Not visible to users) --><\/p>\n<div style=\"display: none;\">\nvakuumlu kup\u00e7a qarmaqla, plastik vakuumlu kup\u00e7a, 4 sm vakuumlu kup\u00e7a, orta \u00f6l\u00e7\u00fcd\u0259 qarmaq, \u015f\u0259ffaf vakuumlu kup\u00e7a qarmaqla, topdan vakuumlu kup\u00e7alar, ixrac \u00fc\u00e7\u00fcn topdan vakuumlu kup\u00e7alar, vakuumlu kup\u00e7a istehsal\u00e7\u0131s\u0131, t\u0259krar istifad\u0259 oluna bil\u0259n divar qarma\u011f\u0131, quyruqsuz asmaq h\u0259lli, ev t\u0259\u015fkili qarma\u011f\u0131, vanna ota\u011f\u0131 vakuumlu qarma\u011f\u0131, ma\u011faza ekspozisiya qarma\u011f\u0131, OEM vakuumlu kup\u00e7a paketl\u0259m\u0259, \u0130ran vakuumlu kup\u00e7a istehsal\u00e7\u0131s\u0131, ixrac \u00fc\u00e7\u00fcn haz\u0131r vakuumlu kup\u00e7alar\n<\/div>\n<p><!-- Hidden empty paragraph for your custom link --><\/p>\n<p style=\"display: none;\">&nbsp;<\/p>\n","protected":false},"excerpt":{"rendered":"<p><strong>X\u00fcsusiyy\u0259tl\u0259r:<\/strong><\/p>\n<p>Kubokun diametri: 4 sm<\/p>\n<p>T\u0259rkibi: Plastik qarmaql\u0131 12 vantuz<\/p>\n<p>Paket \u00c7\u0259kisi: 56 qr<\/p>\n<p>T\u0259rkibi: 12 \u0259d\u0259d<\/p>\n<p>Material: Yum\u015faq plastik v\u0259 amp; kristal t\u0259miz plastik<\/p>\n<p><strong>T\u0259tbiql\u0259r:<\/strong><\/p>\n<p>\u015e\u00fc\u015f\u0259, plit\u0259l\u0259r, keramika v\u0259 metallar kimi hamar s\u0259thl\u0259r\u0259 y\u00fcng\u00fcl \u0259\u015fyalar asmaq \u00fc\u00e7\u00fcn m\u00fck\u0259mm\u0259ldir<\/p>\n<p><strong>X\u00fcsusiyy\u0259tl\u0259r:<\/strong><\/p>\n<p>T\u0259hl\u00fck\u0259siz b\u0259rkitm\u0259 \u00fc\u00e7\u00fcn y\u00fcks\u0259k keyfiyy\u0259tli kristal t\u0259miz \u00e7\u0259ng\u0259l<\/p>\n<p>Dayan\u0131ql\u0131 dizayn t\u0259zyiq\u0259 v\u0259 \u00e7\u0259kilm\u0259y\u0259 davaml\u0131d\u0131r<\/p>\n<p>M\u0259tb\u0259x, hamam v\u0259 avtomobill\u0259rd\u0259 istifad\u0259 \u00fc\u00e7\u00fcn uy\u011fundur<\/p>\n<p>S\u0259thl\u0259r\u0259 z\u0259r\u0259r verm\u0259d\u0259n qura\u015fd\u0131rmaq v\u0259 \u00e7\u0131xarmaq asand\u0131r<\/p>\n","protected":false},"featured_media":2641,"template":"","meta":[],"product_brand":[],"product_cat":[160],"product_tag":[],"class_list":{"0":"post-4240","1":"product","2":"type-product","3":"status-publish","4":"has-post-thumbnail","6":"product_cat-vantuz","8":"first","9":"instock","10":"shipping-taxable","11":"product-type-simple"},"_links":{"self":[{"href":"https:\/\/zistoco.com\/az\/wp-json\/wp\/v2\/product\/4240","targetHints":{"allow":["GET"]}}],"collection":[{"href":"https:\/\/zistoco.com\/az\/wp-json\/wp\/v2\/product"}],"about":[{"href":"https:\/\/zistoco.com\/az\/wp-json\/wp\/v2\/types\/product"}],"version-history":[{"count":2,"href":"https:\/\/zistoco.com\/az\/wp-json\/wp\/v2\/product\/4240\/revisions"}],"predecessor-version":[{"id":4630,"href":"https:\/\/zistoco.com\/az\/wp-json\/wp\/v2\/product\/4240\/revisions\/4630"}],"wp:featuredmedia":[{"embeddable":true,"href":"https:\/\/zistoco.com\/az\/wp-json\/wp\/v2\/media\/2641"}],"wp:attachment":[{"href":"https:\/\/zistoco.com\/az\/wp-json\/wp\/v2\/media?parent=4240"}],"wp:term":[{"taxonomy":"product_brand","embeddable":true,"href":"https:\/\/zistoco.com\/az\/wp-json\/wp\/v2\/product_brand?post=4240"},{"taxonomy":"product_cat","embeddable":true,"href":"https:\/\/zistoco.com\/az\/wp-json\/wp\/v2\/product_cat?post=4240"},{"taxonomy":"product_tag","embeddable":true,"href":"https:\/\/zistoco.com\/az\/wp-json\/wp\/v2\/product_tag?post=4240"}],"curies":[{"name":"wp","href":"https:\/\/api.w.org\/{rel}","templated":true}]}}