{"id":4239,"date":"2026-02-13T13:26:38","date_gmt":"2026-02-13T09:56:38","guid":{"rendered":"https:\/\/zistoco.com\/metal-qarmaqli-vantuz-kuboku-3-%c9%99d%c9%99d-paket\/"},"modified":"2025-05-11T13:26:38","modified_gmt":"2025-05-11T09:56:38","slug":"metal-qarmaqli-vantuz-kuboku-3-%c9%99d%c9%99d-paket","status":"publish","type":"product","link":"https:\/\/zistoco.com\/az\/metal-qarmaqli-vantuz-kuboku-3-%c9%99d%c9%99d-paket\/","title":{"rendered":"Metal qarmaql\u0131 vantuz kuboku (3 \u0259d\u0259d paket)"},"content":{"rendered":"<p><strong>T\u0259tbiql\u0259r:<\/strong><\/p>\n<p>\u00dc\u00e7\u00fcn ideald\u0131r:<\/p>\n<ul>\n<li>avtomobil g\u00fcn\u0259\u015f \u00e7\u0259tirl\u0259rinin qura\u015fd\u0131r\u0131lmas\u0131<\/li>\n<li>Sabun tutaca\u011f\u0131n\u0131n qura\u015fd\u0131r\u0131lmas\u0131<\/li>\n<li>asma m\u0259tb\u0259x al\u0259tl\u0259ri<\/li>\n<\/ul>\n<p><strong>X\u00fcsusiyy\u0259tl\u0259r:<\/strong><\/p>\n<p>Ki\u00e7ik hiss\u0259l\u0259ri etibarl\u0131 \u015f\u0259kild\u0259 saxlamaq \u00fc\u00e7\u00fcn \u00fcz\u00fck yivli dizayn<\/p>\n<p>Metal qarmaql\u0131\/\u00e7\u0259ng\u0259lsiz m\u00f6vcuddur<\/p>\n<p>Vidalama \u00fc\u00e7\u00fcn ucunda bir de\u015fik<\/p>\n<p>Uzunm\u00fcdd\u0259tli davaml\u0131l\u0131q \u00fc\u00e7\u00fcn 100% premium d\u0259r\u0259c\u0259li materiallardan haz\u0131rlanm\u0131\u015fd\u0131r<\/p>\n<p>100 \u0259d\u0259d d\u0259std\u0259 z\u0259rif qabla\u015fd\u0131rma.<\/p>\n<p>S\u0259thd\u0259n asanl\u0131qla s\u0259rb\u0259st burax\u0131lmas\u0131 \u00fc\u00e7\u00fcn bir \u00e7ubuq var<\/p>\n<p>&nbsp;<\/p>\n","protected":false},"excerpt":{"rendered":"<p><strong>X\u00fcsusiyy\u0259tl\u0259r:<\/strong><\/p>\n<p>Kubokun diametri: 4 sm<\/p>\n<p>\u00c7\u0259kisi: 3,7 qram<\/p>\n","protected":false},"featured_media":2506,"template":"","meta":[],"product_brand":[],"product_cat":[160],"product_tag":[],"class_list":{"0":"post-4239","1":"product","2":"type-product","3":"status-publish","4":"has-post-thumbnail","6":"product_cat-vantuz","8":"first","9":"instock","10":"shipping-taxable","11":"product-type-simple"},"_links":{"self":[{"href":"https:\/\/zistoco.com\/az\/wp-json\/wp\/v2\/product\/4239","targetHints":{"allow":["GET"]}}],"collection":[{"href":"https:\/\/zistoco.com\/az\/wp-json\/wp\/v2\/product"}],"about":[{"href":"https:\/\/zistoco.com\/az\/wp-json\/wp\/v2\/types\/product"}],"version-history":[{"count":0,"href":"https:\/\/zistoco.com\/az\/wp-json\/wp\/v2\/product\/4239\/revisions"}],"wp:featuredmedia":[{"embeddable":true,"href":"https:\/\/zistoco.com\/az\/wp-json\/wp\/v2\/media\/2506"}],"wp:attachment":[{"href":"https:\/\/zistoco.com\/az\/wp-json\/wp\/v2\/media?parent=4239"}],"wp:term":[{"taxonomy":"product_brand","embeddable":true,"href":"https:\/\/zistoco.com\/az\/wp-json\/wp\/v2\/product_brand?post=4239"},{"taxonomy":"product_cat","embeddable":true,"href":"https:\/\/zistoco.com\/az\/wp-json\/wp\/v2\/product_cat?post=4239"},{"taxonomy":"product_tag","embeddable":true,"href":"https:\/\/zistoco.com\/az\/wp-json\/wp\/v2\/product_tag?post=4239"}],"curies":[{"name":"wp","href":"https:\/\/api.w.org\/{rel}","templated":true}]}}