{"id":4230,"date":"2025-09-03T12:24:59","date_gmt":"2025-09-03T08:54:59","guid":{"rendered":"https:\/\/zistoco.com\/uzuks%c9%99killi-hava-t%c9%99rav%c9%99tl%c9%99ndiricisi-model-6pg\/"},"modified":"2025-10-13T15:54:28","modified_gmt":"2025-10-13T12:24:28","slug":"uzuks%c9%99killi-hava-t%c9%99rav%c9%99tl%c9%99ndiricisi-model-6pg","status":"publish","type":"product","link":"https:\/\/zistoco.com\/az\/uzuks%c9%99killi-hava-t%c9%99rav%c9%99tl%c9%99ndiricisi-model-6pg\/","title":{"rendered":"Topdan Sat\u0131\u015f \u00dc\u00e7\u00fcn Halqa Formal\u0131 Avtomobil \u018ftirliyi Model 6PG \u2013 Qlobal Distributorlar \u00dc\u00e7\u00fcn Premium \u0130xrac Keyfiyy\u0259ti"},"content":{"rendered":"<h2>Topdan Sat\u0131\u015f \u00dc\u00e7\u00fcn Halqa Formal\u0131 Avtomobil \u018ftirliyi Model 6PG \u2013 Qlobal Distributorlar \u00dc\u00e7\u00fcn Premium \u0130xrac Keyfiyy\u0259ti<\/h2>\n<p>Avtomobilinizin daxili g\u00f6r\u00fcn\u00fc\u015f\u00fcn\u00fc bizim premium <strong>Halqa Formal\u0131 Avtomobil \u018ftirliyi (Model 6PG)<\/strong> il\u0259 y\u00fcks\u0259ldin \u2013 bu, x\u00fcsusil\u0259 beyn\u0259lxalq ixracat\u00e7\u0131lar, avtomobil aksesuarlar\u0131 distributorlar\u0131 v\u0259 p\u0259rak\u0259nd\u0259 z\u0259ncirl\u0259ri \u00fc\u00e7\u00fcn n\u0259z\u0259rd\u0259 tutulmu\u015f, \u0259n \u00e7ox sat\u0131lan <strong>topdan avtomobil \u0259tirliyidir<\/strong>. Bu stil, <strong>Benz-inspirasiyal\u0131 \u0259tirliyi<\/strong> l\u00fcks estetikas\u0131 il\u0259 uzunm\u00fcdd\u0259tli \u0259tiri birl\u0259\u015fdirir v\u0259 onu qlobal bazarlarda y\u00fcks\u0259k t\u0259l\u0259b olunan m\u0259hsula \u00e7evirir.<\/p>\n<p style=\"text-align: left;\">Etibarl\u0131 bir <strong>ixracat \u0259tirliyi t\u0259chizat\u00e7\u0131s\u0131<\/strong> olaraq, bu <strong>as\u0131lan avtomobil \u0259tirliyini<\/strong> sabit keyfiyy\u0259t v\u0259 r\u0259qab\u0259t qabiliyy\u0259tli qiym\u0259tl\u0259rl\u0259 b\u00f6y\u00fck miqdarlarda t\u0259klif edirik. Onun unikal t\u0259k\u0259r halqas\u0131 dizayn\u0131 premium avtomobil stilini \u0259ks etdirir v\u0259 Avropa, Orta \u015e\u0259rq, Asiya v\u0259 Amerikada avtomobil h\u0259v\u0259skarlar\u0131n\u0131 v\u0259 g\u00fcnd\u0259lik s\u00fcr\u00fcc\u00fcl\u0259ri c\u0259lb edir.<\/p>\n<p style=\"text-align: center;\"><\/p>\n<hr \/>\n<h3>Topdan Al\u0131\u015f ed\u0259n Al\u0131c\u0131lara v\u0259 \u0130xracat\u00e7\u0131lara \u018fsas X\u00fcsusiyy\u0259tl\u0259r:<\/h3>\n<ul>\n<li><strong>Y\u00fcks\u0259k T\u0259l\u0259b\u0259 Malik \u018ftirl\u0259r:<\/strong> D\u00fcnyan\u0131n m\u00fcxt\u0259lif bazarlar\u0131 \u00fc\u00e7\u00fcn ideal olan alt\u0131 qlobal populyar \u0259tir \u2013 \u00c7iy\u0259l\u0259k, Manqo, Kokuos, K\u0259r\u0259viz, Okean v\u0259 Kolonya.<\/li>\n<li><strong>Uzunm\u00fcdd\u0259tli T\u0259z\u0259lik:<\/strong> H\u0259r bir <strong>topdan avtomobil \u0259tirliyi<\/strong> t\u0259xmin\u0259n 2 h\u0259ft\u0259 davam ed\u0259n, z\u0259if olmayan, lakin h\u0259ddind\u0259n art\u0131q g\u00fccl\u00fc olmayan aromat verir.<\/li>\n<li><strong>T\u0259hl\u00fck\u0259siz v\u0259 M\u00f6hk\u0259m Material:<\/strong> Z\u0259h\u0259rsiz, \u0259tir\u0259 t\u0259hl\u00fck\u0259siz plastik \u2013 <strong>topdan avtomobil aksesuarlar\u0131<\/strong> \u00fc\u00e7\u00fcn ideal.<\/li>\n<li><strong>\u0130xracata Haz\u0131rd\u0131r:<\/strong> H\u0259r qutuda 96 \u0259d\u0259d olan standartla\u015fd\u0131r\u0131lm\u0131\u015f paketl\u0259m\u0259 \u2013 effektiv \u00e7atd\u0131r\u0131lma v\u0259 g\u00fcmr\u00fck t\u0259mizliyi \u00fc\u00e7\u00fcn optimalla\u015fd\u0131r\u0131l\u0131b.<\/li>\n<li><strong>\u00d6z Brendiniz \u00dc\u00e7\u00fcn Haz\u0131rd\u0131r:<\/strong> \u00d6z <strong>\u00f6z markal\u0131 avtomobil \u0259tirliyiniz<\/strong> \u00fc\u00e7\u00fcn x\u00fcsusi brendinq v\u0259 paketl\u0259m\u0259 m\u00fcmk\u00fcnd\u00fcr.<\/li>\n<\/ul>\n<hr \/>\n<h3>Qlobal Distributorlar Niy\u0259 Bizim Benz-stil \u018ftirliyimizi Se\u00e7ir?<\/h3>\n<ul>\n<li>\u2705 \u0130xracat t\u0259cr\u00fcb\u0259li etibarl\u0131 <strong>avtomobil \u0259tirliyi istehsal\u00e7\u0131s\u0131<\/strong><\/li>\n<li>\u2705 B\u00f6y\u00fck h\u0259cmli sifari\u015fl\u0259r \u00fc\u00e7\u00fcn r\u0259qab\u0259t qabiliyy\u0259tli <strong>topdan qiym\u0259tl\u0259r<\/strong><\/li>\n<li>\u2705 Sabit keyfiyy\u0259t n\u0259zar\u0259ti v\u0259 vaxt\u0131nda \u00e7atd\u0131r\u0131lma<\/li>\n<li>\u2705 Beyn\u0259lxalq ticar\u0259t \u00fc\u00e7\u00fcn tam s\u0259n\u0259dl\u0259\u015fm\u0259 d\u0259st\u0259yi (m\u0259n\u015f\u0259 \u015f\u0259had\u0259tnam\u0259si, ticar\u0259t fakturas\u0131, paket siyah\u0131s\u0131 v\u0259 s.)<\/li>\n<\/ul>\n<p style=\"text-align: center;\"><\/p>\n<hr \/>\n<h3>M\u0259hsulun Texniki X\u00fcsusiyy\u0259tl\u0259ri:<\/h3>\n<p><strong>M\u0259hsulun Ad\u0131:<\/strong> Halqa Formal\u0131 Avtomobil \u018ftirliyi Model 6PG<br \/>\n<strong>N\u00f6v\u00fc:<\/strong> As\u0131lan avtomobil \u0259tirliyi \/ avtomobil aromatik asq\u0131s\u0131<br \/>\n<strong>Dizayn\u0131:<\/strong> Benz-stil t\u0259k\u0259r diski (5-v\u0259 6-petal variantlar)<br \/>\n<strong>\u018ftirl\u0259r:<\/strong> \u00c7iy\u0259l\u0259k, Manqo, Kokuos, K\u0259r\u0259viz, Okean, Kolonya<br \/>\n<strong>\u00d6l\u00e7\u00fcl\u0259r:<\/strong> H\u0259r bir vahid \u00fc\u00e7\u00fcn 6 \u00d7 6 \u00d7 3 sm<br \/>\n<strong>\u00c7\u0259ki:<\/strong> H\u0259r bir vahid \u00fc\u00e7\u00fcn 42 q (paketl\u0259m\u0259 daxil olmaqla)<br \/>\n<strong>\u018ftir M\u00fcdd\u0259ti:<\/strong> 14 g\u00fcn\u0259 q\u0259d\u0259r<br \/>\n<strong>Paketl\u0259m\u0259:<\/strong> 12 \u0259d\u0259d\/\u00e7anta, 8 \u00e7anta\/qutu (\u00fcmumilikd\u0259 96 \u0259d\u0259d)<br \/>\n<strong>Qutu \u00d6l\u00e7\u00fcl\u0259ri:<\/strong> 35 \u00d7 26 \u00d7 40 sm<br \/>\n<strong>Qutu \u00c7\u0259kisi:<\/strong> 4.3 kq (4300 q)<br \/>\n<strong>Kiml\u0259r \u00dc\u00e7\u00fcn Uygundur:<\/strong> <strong>Topdan avtomobil aksesuar t\u0259chizat\u00e7\u0131lar\u0131<\/strong>, h\u0259diyy\u0259 ma\u011fazalar\u0131, avtomobil salonlar\u0131 v\u0259 e-ticar\u0259t sat\u0131c\u0131lar\u0131.<\/p>\n<hr \/>\n<h3>Texniki X\u00fcsusiyy\u0259tl\u0259r \u2013 \u0130xracata Haz\u0131r Topdan \u018ftirliyi<\/h3>\n<table style=\"border-collapse: collapse; width: 100%;\" border=\"1\" cellspacing=\"0\" cellpadding=\"5\">\n<thead>\n<tr>\n<th>X\u00fcsusiyy\u0259t<\/th>\n<th>T\u0259f\u0259rr\u00fcatlar<\/th>\n<\/tr>\n<\/thead>\n<tbody>\n<tr>\n<td>Model<\/td>\n<td>6PG<\/td>\n<\/tr>\n<tr>\n<td>Kateqoriya<\/td>\n<td>Topdan Sat\u0131\u015f \u00dc\u00e7\u00fcn As\u0131lan Avtomobil \u018ftirliyi<\/td>\n<\/tr>\n<tr>\n<td>Dizayn M\u00f6vzusu<\/td>\n<td>Benz-inspirasiyal\u0131 T\u0259k\u0259r Halqas\u0131<\/td>\n<\/tr>\n<tr>\n<td>\u018ftir Variantlar\u0131<\/td>\n<td>\u00c7iy\u0259l\u0259k, Manqo, Kokuos, K\u0259r\u0259viz, Okean, Kolonya (qar\u0131\u015f\u0131q)<\/td>\n<\/tr>\n<tr>\n<td>Vahid \u00d6l\u00e7\u00fcs\u00fc<\/td>\n<td>6 \u00d7 6 \u00d7 3 sm<\/td>\n<\/tr>\n<tr>\n<td>Vahid \u00c7\u0259kisi<\/td>\n<td>42 q (paketl\u0259m\u0259 il\u0259)<\/td>\n<\/tr>\n<tr>\n<td>\u018ftir Davaml\u0131l\u0131\u011f\u0131<\/td>\n<td>T\u0259xmin\u0259n 2 h\u0259ft\u0259<\/td>\n<\/tr>\n<tr>\n<td>Paketl\u0259m\u0259 (P\u0259rak\u0259nd\u0259)<\/td>\n<td>H\u0259r polietilen \u00e7antada 12 \u0259d\u0259d<\/td>\n<\/tr>\n<tr>\n<td>\u0130xracat Qutusundak\u0131 Miqdar<\/td>\n<td>96 \u0259d\u0259d (8 \u00e7anta)<\/td>\n<\/tr>\n<tr>\n<td>Qutu \u00d6l\u00e7\u00fcl\u0259ri<\/td>\n<td>35 \u00d7 26 \u00d7 40 sm<\/td>\n<\/tr>\n<tr>\n<td>Qutunun \u00dcmumi \u00c7\u0259kisi<\/td>\n<td>4.3 kq<\/td>\n<\/tr>\n<tr>\n<td>Material<\/td>\n<td>Z\u0259h\u0259rsiz, m\u00f6hk\u0259m plastik<\/td>\n<\/tr>\n<tr>\n<td>H\u0259d\u0259f Al\u0131c\u0131lar<\/td>\n<td>Topdan distributorlar, ixracat \u015firk\u0259tl\u0259ri, avtomobil aksesuarlar\u0131n\u0131n p\u0259rak\u0259nd\u0259 sat\u0131c\u0131lar\u0131<\/td>\n<\/tr>\n<tr>\n<td>Minimum Sifari\u015f Miqdar\u0131 (MOQ)<\/td>\n<td>B\u00f6y\u00fck partiyalar \u00fc\u00e7\u00fcn \u0259lveri\u015flidir \u2013 \u0259trafl\u0131 m\u0259lumat \u00fc\u00e7\u00fcn \u0259laq\u0259 saxlay\u0131n<\/td>\n<\/tr>\n<\/tbody>\n<\/table>\n<hr \/>\n<h3>B\u00f6y\u00fck Partiya Avtomobil \u018ftirliyinizi Bu G\u00fcn Sifari\u015f Edin!<\/h3>\n<p>Etibarl\u0131 bir <strong>avtomobil \u0259tirliyi ixracat t\u0259chizat\u00e7\u0131s\u0131<\/strong> axtar\u0131rs\u0131n\u0131z? Bizim Model 6PG m\u0259hsulumuz r\u0259qab\u0259t qabiliyy\u0259tli FOB qiym\u0259tl\u0259ri, s\u00fcr\u0259tli istehsal d\u00f6vr\u00fc v\u0259 tam ixracat s\u0259n\u0259dl\u0259\u015fm\u0259si il\u0259 qlobal t\u0259dar\u00fck \u00fc\u00e7\u00fcn haz\u0131rd\u0131r. N\u00fcmun\u0259 v\u0259 ya topdan qiym\u0259t siyah\u0131s\u0131 t\u0259l\u0259b edin v\u0259 bu y\u00fcks\u0259k g\u0259lirli, s\u00fcr\u0259tli sat\u0131lan <strong>Benz-stil as\u0131lan \u0259tirliyi<\/strong> m\u0259hsul kataloqunuza \u0259lav\u0259 edin.<\/p>\n<p><em>30-dan \u00e7ox \u00f6lk\u0259nin distributorlar\u0131 t\u0259r\u0259find\u0259n etibar olunur \u2013 n\u00f6vb\u0259ti \u0259n \u00e7ox sat\u0131lan avtomobil aksesuar\u0131n\u0131z c\u0259mi bir sifari\u015f uzaql\u0131qdad\u0131r.<\/em><\/p>\n<p style=\"text-align: center;\"><\/p>\n","protected":false},"excerpt":{"rendered":"<p><strong>X\u00fcsusiyy\u0259tl\u0259r:<\/strong><\/p>\n<p><em>\u00d6l\u00e7\u00fcl\u0259ri:<\/em> <strong>6x6x3 sm<\/strong><\/p>\n<p><em>Qoxular:<\/em> <strong>\u00c7iy\u0259l\u0259k, Manqo, Kokos, Qovun, Okean, K\u00f6ln<\/strong><\/p>\n<p><em>M\u00fcdd\u0259t:<\/em> <strong>T\u0259xmin\u0259n iki h\u0259ft\u0259. \u018fsas\u0259n kulon kimi tan\u0131n\u0131r <\/strong><\/p>\n<p><em>Dizaynlar:<\/em> 5-l\u0259\u00e7\u0259kli v\u0259 6-l\u0259\u00e7\u0259kli Benz dizaynlar\u0131<\/p>\n<p><strong>Qabla\u015fd\u0131rma:<\/strong><\/p>\n<p>\u00c7antada 12 \u0259d\u0259d v\u0259 bir paketd\u0259 8 \u00e7anta (c\u0259mi 96 \u0259d\u0259d).<\/p>\n<p><strong>X\u00fcsusiyy\u0259tl\u0259r:<\/strong><\/p>\n<p>Avtomobilin interyerini tamamlayan \u015f\u0131k dizayn<\/p>\n<p>Avtomobild\u0259 t\u0259cr\u00fcb\u0259ni art\u0131ran t\u0259rav\u0259tl\u0259ndirici qoxular<\/p>\n<p>Havan\u0131n t\u0259rav\u0259tini v\u0259 t\u0259hl\u00fck\u0259sizliyini t\u0259min etm\u0259k \u00fc\u00e7\u00fcn y\u00fcks\u0259k keyfiyy\u0259tli materiallardan haz\u0131rlanm\u0131\u015fd\u0131r<\/p>\n","protected":false},"featured_media":4567,"template":"","meta":[],"product_brand":[],"product_cat":[156],"product_tag":[],"class_list":{"0":"post-4230","1":"product","2":"type-product","3":"status-publish","4":"has-post-thumbnail","6":"product_cat-uzuk-formali-avtomobil-tiri","7":"pa_essence-ciylk","8":"pa_essence-kokos","9":"pa_essence-kolonya-az","10":"pa_essence-manqo","11":"pa_essence-okean","12":"pa_essence-qavun","14":"first","15":"instock","16":"shipping-taxable","17":"product-type-simple"},"_links":{"self":[{"href":"https:\/\/zistoco.com\/az\/wp-json\/wp\/v2\/product\/4230","targetHints":{"allow":["GET"]}}],"collection":[{"href":"https:\/\/zistoco.com\/az\/wp-json\/wp\/v2\/product"}],"about":[{"href":"https:\/\/zistoco.com\/az\/wp-json\/wp\/v2\/types\/product"}],"version-history":[{"count":4,"href":"https:\/\/zistoco.com\/az\/wp-json\/wp\/v2\/product\/4230\/revisions"}],"predecessor-version":[{"id":4561,"href":"https:\/\/zistoco.com\/az\/wp-json\/wp\/v2\/product\/4230\/revisions\/4561"}],"wp:featuredmedia":[{"embeddable":true,"href":"https:\/\/zistoco.com\/az\/wp-json\/wp\/v2\/media\/4567"}],"wp:attachment":[{"href":"https:\/\/zistoco.com\/az\/wp-json\/wp\/v2\/media?parent=4230"}],"wp:term":[{"taxonomy":"product_brand","embeddable":true,"href":"https:\/\/zistoco.com\/az\/wp-json\/wp\/v2\/product_brand?post=4230"},{"taxonomy":"product_cat","embeddable":true,"href":"https:\/\/zistoco.com\/az\/wp-json\/wp\/v2\/product_cat?post=4230"},{"taxonomy":"product_tag","embeddable":true,"href":"https:\/\/zistoco.com\/az\/wp-json\/wp\/v2\/product_tag?post=4230"}],"curies":[{"name":"wp","href":"https:\/\/api.w.org\/{rel}","templated":true}]}}