{"id":4000,"date":"2025-04-27T21:11:01","date_gmt":"2025-04-27T17:41:01","guid":{"rendered":"https:\/\/zistoco.com\/c%c9%99ng%c9%99llik-etri-il%c9%99-ur%c9%99k-formali-hava-t%c9%99rav%c9%99tl%c9%99ndiricisi\/"},"modified":"2025-10-18T09:25:58","modified_gmt":"2025-10-18T05:55:58","slug":"c%c9%99ng%c9%99llik-etri-il%c9%99-ur%c9%99k-formali-hava-t%c9%99rav%c9%99tl%c9%99ndiricisi","status":"publish","type":"product","link":"https:\/\/zistoco.com\/az\/c%c9%99ng%c9%99llik-etri-il%c9%99-ur%c9%99k-formali-hava-t%c9%99rav%c9%99tl%c9%99ndiricisi\/","title":{"rendered":"C\u0259ng\u0259llik \u018ftri il\u0259 \u00dcr\u0259k Formal\u0131 Hava T\u0259rav\u0259tl\u0259ndiricisi"},"content":{"rendered":"<h1>Zisto \u00dcr\u0259k \u015e\u0259killi Avtomobil v\u0259 Otaq Hava \u018ftirl\u0259ndiricisi \u2013 Z\u0259rif Dizaynl\u0131 v\u0259 Uzunm\u00fcdd\u0259tli \u018ftir<\/h1>\n<p><strong>Zisto \u00dcr\u0259k \u015e\u0259killi Hava \u018ftirl\u0259ndiricisi<\/strong> \u2014 estetik cazib\u0259, uzunm\u00fcdd\u0259tli \u0259tir v\u0259 funksional z\u0259rifliyin m\u00fck\u0259mm\u0259l birl\u0259\u015fm\u0259sidir. Bu m\u0259hsul d\u00fcnya \u00fczr\u0259 s\u00fcr\u00fcc\u00fcl\u0259r, ev sahibl\u0259ri v\u0259 stil\u0259 h\u0259ssas insanlar \u00fc\u00e7\u00fcn n\u0259z\u0259rd\u0259 tutulmu\u015fdur. \u00dcr\u0259k \u015f\u0259killi bu \u0259tirl\u0259ndirici yaln\u0131zca t\u0259z\u0259lik hissi verm\u0259kl\u0259 yana\u015f\u0131, h\u0259r hans\u0131 bir daxili m\u00fchit\u0259 dekorativ toxunu\u015f da \u0259lav\u0259 edir. G\u00fcnd\u0259lik s\u00fcr\u00fc\u015f\u00fcn\u00fcz\u00fc t\u0259kmill\u0259\u015fdirm\u0259k, evinizi t\u0259z\u0259l\u0259m\u0259k v\u0259 ya beyn\u0259lxalq bazarlar \u00fc\u00e7\u00fcn y\u00fcks\u0259k t\u0259l\u0259b olunan m\u0259hsul axtarmaq ist\u0259s\u0259niz d\u0259, Zisto \u00dcr\u0259k \u015e\u0259killi Hava \u018ftirl\u0259ndiricisi ideal se\u00e7imdir.<\/p>\n<h2>N\u0259z\u0259r\u0259\u00e7arpaz Keyfiyy\u0259t v\u0259 \u0130stehsal Texnikas\u0131<\/h2>\n<p>Zisto m\u0259hsullar\u0131 \u0130ran istehsal\u0131d\u0131r v\u0259 keyfiyy\u0259t\u0259 x\u00fcsusi diqq\u0259t yetiril\u0259r\u0259k haz\u0131rlan\u0131r. H\u0259r bir Zisto hava \u0259tirl\u0259ndiricisi y\u00fcks\u0259k keyfiyy\u0259tli materiallardan v\u0259 ultra-konsentratl\u0131, y\u00fcks\u0259k t\u0259mizlikli \u0259sas \u0259tirl\u0259rd\u0259n haz\u0131rlan\u0131r. Adi hava \u0259tirl\u0259ndiricil\u0259rin \u0259ksin\u0259, ki, bir ne\u00e7\u0259 g\u00fcn i\u00e7ind\u0259 solur, bizim unikal jeli \u015f\u0259killi \u0259sas \u0259tir torbas\u0131 t\u0259xmin\u0259n <strong>30 g\u00fcn<\/strong> \u0259rzind\u0259 \u0259tirin sabit v\u0259 b\u0259rab\u0259r \u015f\u0259kild\u0259 yay\u0131lmas\u0131n\u0131 t\u0259min edir. Yum\u015faq v\u0259 elastik torba, g\u00fcn\u0259\u015f i\u015f\u0131\u011f\u0131 alt\u0131nda v\u0259 ya avtomobild\u0259 temperatur d\u0259yi\u015fiklikl\u0259ri zaman\u0131 bel\u0259 \u00e7atlamaya, s\u0131zma\u011fa v\u0259 ya r\u0259ngini itirm\u0259y\u0259 davaml\u0131 olan z\u0259h\u0259rsiz plastik \u00fcr\u0259k \u00e7\u0259r\u00e7iv\u0259sin\u0259 m\u00f6hk\u0259m \u015f\u0259kild\u0259 yerl\u0259\u015fdirilib.<\/p>\n<h2>H\u0259r Z\u00f6vq\u0259 Uy\u011fun D\u00f6rd M\u00f6ht\u0259\u015f\u0259m \u018ftir<\/h2>\n<p>Biz \u0259tirin \u015f\u0259xsi bir se\u00e7im oldu\u011funu ba\u015fa d\u00fc\u015f\u00fcr\u00fck. Buna g\u00f6r\u0259 d\u0259 Zisto bazar t\u0259r\u0259find\u0259n s\u0131naqdan ke\u00e7irilmi\u015f v\u0259 d\u00fcnya miqyas\u0131nda sevil\u0259n d\u00f6rd \u0259tir \u00e7e\u015fidi t\u0259qdim edir \u2014 h\u0259r biri t\u0259z\u0259lik, rahatl\u0131q v\u0259 sevinclik hissi yaratmaq \u00fc\u00e7\u00fcn x\u00fcsusi haz\u0131rlan\u0131b:<\/p>\n<ul>\n<li><strong>\u00c7iy\u0259l\u0259k:<\/strong> H\u0259r hans\u0131 bir m\u00fchit\u0259 sevincli v\u0259 enerjili atmosfer g\u0259tir\u0259n \u015firin, \u015fir\u0259li v\u0259 oyunbaz \u0259tir.<\/li>\n<li><strong>Mango:<\/strong> \u0130sti iqlim v\u0259 yaz s\u00fcr\u00fc\u015fl\u0259ri \u00fc\u00e7\u00fcn ideal olan t\u0259z\u0259 v\u0259 soyuq mango notlar\u0131.<\/li>\n<li><strong>\u018frik:<\/strong> \u0130sti, d\u0259v\u0259t edici v\u0259 z\u0259rif meyv\u0259-\u00e7i\u00e7\u0259k qar\u0131\u015f\u0131\u011f\u0131.<\/li>\n<li><strong>Parfyum (Eau de Cologne):<\/strong> Profesional m\u00fchitl\u0259r v\u0259 ya minimalizm interyerl\u0259ri \u00fc\u00e7\u00fcn ideal olan y\u00fcks\u0259k keyfiyy\u0259tli parfyumlardan ilhamlanan t\u0259miz, klassik v\u0259 \u0259b\u0259di \u0259tir.<\/li>\n<\/ul>\n<p>H\u0259m d\u0259 beyn\u0259lxalq partnyorlar\u0131m\u0131z\u0131n ehtiyaclar\u0131na uy\u011funla\u015fmaq \u00fc\u00e7\u00fcn <strong>x\u00fcsusi \u0259tir formullar\u0131 da sifari\u015f\u0259 \u0259sas\u0259n haz\u0131rlan\u0131r<\/strong>. Bazar\u0131n\u0131zda vanil, okean k\u00fcl\u0259yi v\u0259 ya lavanda kimi regional \u0259tirl\u0259r t\u0259l\u0259b olunursa, R&amp;D komandam\u0131z sizin bazar\u0131n\u0131z\u0131n z\u00f6vq\u00fcn\u0259 uy\u011fun x\u00fcsusi \u0259sas \u0259tir haz\u0131rlaya bil\u0259r.<\/p>\n<h2>G\u00fcnd\u0259lik \u0130stifad\u0259 v\u0259 \u00c7oxm\u0259qs\u0259dli T\u0259tbiq \u00dc\u00e7\u00fcn N\u0259z\u0259rd\u0259 Tutulub<\/h2>\n<p>Zisto \u00dcr\u0259k \u015e\u0259killi Hava \u018ftirl\u0259ndiricisi \u0259sas\u0259n avtomobill\u0259r \u00fc\u00e7\u00fcn n\u0259z\u0259rd\u0259 tutulmu\u015f olsa da \u2014 arxa g\u00f6r\u00fc\u015f g\u00fczg\u00fcs\u00fcn\u0259 asanl\u0131qla as\u0131la bil\u0259r \u2014 geni\u015f t\u0259tbiq sah\u0259sin\u0259 malikdir:<\/p>\n<ul>\n<li><strong>Avtomobill\u0259r v\u0259 Taksi:<\/strong> Siqaret, qida v\u0259 ev heyvan\u0131 qoxular\u0131n\u0131 neytralla\u015fd\u0131r\u0131r v\u0259 s\u0259rni\u015finl\u0259r \u00fc\u00e7\u00fcn qonaqp\u0259rv\u0259r m\u00fchit yarad\u0131r.<\/li>\n<li><strong>Evl\u0259r:<\/strong> Garderoblar, tualetl\u0259r, yuyulma otaqlar\u0131 v\u0259 yataq otaqlar\u0131nda davaml\u0131 t\u0259z\u0259lik \u00fc\u00e7\u00fcn as\u0131n.<\/li>\n<li><strong>Ofisl\u0259r v\u0259 \u0130\u015f M\u0259kanlar\u0131:<\/strong> Qat\u0131 olmayan, z\u0259rif v\u0259 xo\u015f \u0259tir \u2014 ruh hal\u0131n\u0131 v\u0259 m\u0259hsuldarl\u0131\u011f\u0131 art\u0131r\u0131r.<\/li>\n<li><strong>P\u0259rak\u0259nd\u0259 v\u0259 Qonaqp\u0259rv\u0259rlik:<\/strong> Otell\u0259r, fitnes klublar\u0131 v\u0259 ma\u011fazalar m\u00fc\u015ft\u0259ril\u0259rin t\u0259cr\u00fcb\u0259sini imza \u0259tiri il\u0259 g\u00fccl\u0259ndirm\u0259k \u00fc\u00e7\u00fcn istifad\u0259 edir.<\/li>\n<\/ul>\n<p>Kompakt \u00f6l\u00e7\u00fcl\u0259ri (7 x 9 x 4 sm) s\u00fcr\u00fc\u015f zaman\u0131 g\u00f6r\u00fc\u015f\u00fcn\u00fcz\u00fc he\u00e7 vaxt \u0259ng\u0259ll\u0259m\u0259z, inteqrasiya olunmu\u015f asma ilg\u0259k is\u0259 qura\u015fd\u0131rman\u0131 d\u0259rhal h\u0259yata ke\u00e7irm\u0259y\u0259 imkan verir \u2014 he\u00e7 bir klips, yap\u0131\u015fqan v\u0259 ya al\u0259t\u0259 ehtiyac yoxdur.<\/p>\n<table style=\"width: 100%; border-collapse: collapse; margin: 20px 0; font-family: Arial, sans-serif;\">\n<thead>\n<tr style=\"background-color: #f5f5f5;\">\n<th style=\"border: 1px solid #ddd; padding: 12px; text-align: left;\">X\u00fcsusiyy\u0259t<\/th>\n<th style=\"border: 1px solid #ddd; padding: 12px; text-align: left;\">T\u0259f\u0259rr\u00fcatlar<\/th>\n<\/tr>\n<\/thead>\n<tbody>\n<tr>\n<td style=\"border: 1px solid #ddd; padding: 10px;\"><strong>M\u0259hsulun Ad\u0131<\/strong><\/td>\n<td style=\"border: 1px solid #ddd; padding: 10px;\">Zisto \u00dcr\u0259k \u015e\u0259killi Hava \u018ftirl\u0259ndiricisi<\/td>\n<\/tr>\n<tr>\n<td style=\"border: 1px solid #ddd; padding: 10px;\"><strong>Forma v\u0259 Dizayn<\/strong><\/td>\n<td style=\"border: 1px solid #ddd; padding: 10px;\">Yum\u015faq jeli \u0259sas \u0259tir torbas\u0131 olan \u00fcr\u0259k \u015f\u0259killi asq\u0131<\/td>\n<\/tr>\n<tr>\n<td style=\"border: 1px solid #ddd; padding: 10px;\"><strong>M\u00f6vcud \u018ftir N\u00f6vl\u0259ri<\/strong><\/td>\n<td style=\"border: 1px solid #ddd; padding: 10px;\">\u00c7iy\u0259l\u0259k, Mango, \u018frik, Parfyum (Eau de Cologne)<\/td>\n<\/tr>\n<tr>\n<td style=\"border: 1px solid #ddd; padding: 10px;\"><strong>\u018ftirin Davaml\u0131l\u0131\u011f\u0131<\/strong><\/td>\n<td style=\"border: 1px solid #ddd; padding: 10px;\">T\u0259xmin\u0259n 30 g\u00fcn (temperatur v\u0259 hava ax\u0131n\u0131ndan as\u0131l\u0131 olaraq)<\/td>\n<\/tr>\n<tr>\n<td style=\"border: 1px solid #ddd; padding: 10px;\"><strong>\u00d6l\u00e7\u00fcl\u0259r<\/strong><\/td>\n<td style=\"border: 1px solid #ddd; padding: 10px;\">7 sm \u00d7 9 sm \u00d7 4 sm<\/td>\n<\/tr>\n<tr>\n<td style=\"border: 1px solid #ddd; padding: 10px;\"><strong>Material<\/strong><\/td>\n<td style=\"border: 1px solid #ddd; padding: 10px;\">Y\u00fcks\u0259k keyfiyy\u0259tli, z\u0259h\u0259rsiz plastik \u00e7\u0259r\u00e7iv\u0259 + premium jeli \u0259sas \u0259tir torbas\u0131<\/td>\n<\/tr>\n<tr>\n<td style=\"border: 1px solid #ddd; padding: 10px;\"><strong>\u0130stifad\u0259 Sah\u0259si<\/strong><\/td>\n<td style=\"border: 1px solid #ddd; padding: 10px;\">Avtomobill\u0259r, evl\u0259r, ofisl\u0259r, garderoblar, tualetl\u0259r, p\u0259rak\u0259nd\u0259 m\u0259kanlar<\/td>\n<\/tr>\n<tr>\n<td style=\"border: 1px solid #ddd; padding: 10px;\"><strong>F\u0259rdil\u0259\u015fdirm\u0259<\/strong><\/td>\n<td style=\"border: 1px solid #ddd; padding: 10px;\">Sifari\u015f\u0259 \u0259sas\u0259n x\u00fcsusi \u0259tirl\u0259r v\u0259 \u015f\u0259xsi brendl\u0259\u015fdirm\u0259 m\u00fcmk\u00fcnd\u00fcr<\/td>\n<\/tr>\n<tr>\n<td style=\"border: 1px solid #ddd; padding: 10px;\"><strong>Paketi<\/strong><\/td>\n<td style=\"border: 1px solid #ddd; padding: 10px;\">64 \u0259d\u0259d bir paketd\u0259<\/td>\n<\/tr>\n<tr>\n<td style=\"border: 1px solid #ddd; padding: 10px;\"><strong>Karton \u00d6l\u00e7\u00fcl\u0259ri<\/strong><\/td>\n<td style=\"border: 1px solid #ddd; padding: 10px;\">33 sm (U) \u00d7 27 sm (E) \u00d7 39 sm (H)<\/td>\n<\/tr>\n<tr>\n<td style=\"border: 1px solid #ddd; padding: 10px;\"><strong>M\u0259n\u015f\u0259<\/strong><\/td>\n<td style=\"border: 1px solid #ddd; padding: 10px;\">\u0130ran istehsal\u0131, y\u00fcks\u0259k keyfiyy\u0259tli \u0259sas \u0259tirl\u0259rl\u0259<\/td>\n<\/tr>\n<\/tbody>\n<\/table>\n<h2>B\u00f6y\u00fck Partiyalar v\u0259 \u0130xrac \u00dc\u00e7\u00fcn Haz\u0131r Paketl\u0259m\u0259<\/h2>\n<p>Zisto hava \u0259tirl\u0259ndiricil\u0259ri beyn\u0259lxalq distributorlar \u00fc\u00e7\u00fcn n\u0259z\u0259rd\u0259 tutulmu\u015fdur v\u0259 beyn\u0259lxalq da\u015f\u0131nma v\u0259 p\u0259rak\u0259nd\u0259 sat\u0131\u015f \u00fc\u00e7\u00fcn s\u0259m\u0259r\u0259li \u015f\u0259kild\u0259 paketl\u0259nir:<\/p>\n<ul>\n<li><strong>Daxili Paket:<\/strong> 64 \u0259d\u0259d s\u0131zd\u0131rmaz polietilen torbada v\u0259 ya p\u0259rak\u0259nd\u0259 sat\u0131\u015fa haz\u0131r qutuda (x\u00fcsusi paketl\u0259m\u0259 m\u00fcmk\u00fcnd\u00fcr).<\/li>\n<li><strong>\u018fsas Karton \u00d6l\u00e7\u00fcl\u0259ri:<\/strong> 33 sm (U) \u00d7 27 sm (E) \u00d7 39 sm (H)<\/li>\n<li><strong>Karton \u00c7\u0259kisi:<\/strong> Da\u015f\u0131nmas\u0131 asan v\u0259 y\u00fcng\u00fcl, lakin m\u00f6hk\u0259m \u2014 n\u0259qliyyat x\u0259rcl\u0259rini azald\u0131r.<\/li>\n<li><strong>Minimum Sifari\u015f Miqdar\u0131:<\/strong> Ki\u00e7ik idxal\u00e7\u0131lar v\u0259 b\u00f6y\u00fck partiyalar \u00fc\u00e7\u00fcn uy\u011fundur.<\/li>\n<\/ul>\n<p>Zavodumuz beyn\u0259lxalq t\u0259hl\u00fck\u0259sizlik v\u0259 ekoloji standartlara uy\u011fundur, bu da y\u00fck\u00fcn\u00fcz\u00fcn Avropa, Orta \u015e\u0259rq, Asiya, Afrika v\u0259 Amerika bazarlar\u0131nda g\u00f6mr\u00fck v\u0259 t\u0259nziml\u0259m\u0259 t\u0259l\u0259bl\u0259rin\u0259 cavab verm\u0259sini t\u0259min edir.<\/p>\n<h2>Niy\u0259 Beyn\u0259lxalq Al\u0131c\u0131lar Zisto-ya G\u00fcv\u0259nir?<\/h2>\n<ul>\n<li>\u2705 <strong>Davaml\u0131 Keyfiyy\u0259t:<\/strong> H\u0259r partiyaya ciddi testl\u0259r ke\u00e7irilir \u2014 \u0259tirin intensivliyi v\u0259 davaml\u0131l\u0131\u011f\u0131 t\u0259min olunur.<\/li>\n<li>\u2705 <strong>R\u0259qab\u0259tqabiliyy\u0259tli Qiym\u0259tl\u0259r:<\/strong> Yenid\u0259n satanlar \u00fc\u00e7\u00fcn y\u00fcks\u0259k m\u0259nf\u0259\u0259t marjas\u0131 olan d\u0259y\u0259rli m\u0259hsul.<\/li>\n<li>\u2705 <strong>\u015e\u0259xsi Brendl\u0259\u015fdirm\u0259:<\/strong> X\u00fcsusi brendl\u0259\u015fdirm\u0259, \u00e7oxdilli paketl\u0259m\u0259 v\u0259 loqo \u00e7ap\u0131 m\u00fcmk\u00fcnd\u00fcr.<\/li>\n<li>\u2705 <strong>Tez \u00c7atd\u0131r\u0131lma:<\/strong> B\u00f6y\u00fck sifari\u015fl\u0259ri vaxt\u0131nda yerin\u0259 yetirm\u0259k \u00fc\u00e7\u00fcn etibarl\u0131 istehsal g\u00fcc\u00fc.<\/li>\n<li>\u2705 <strong>Ekoloji Materiallar:<\/strong> Z\u0259h\u0259rsiz, ftalats\u0131z v\u0259 REACH il\u0259 RoHS qaydalar\u0131na uy\u011fundur.<\/li>\n<\/ul>\n<h2>H\u0259diyy\u0259 v\u0259 M\u00f6vs\u00fcmi Kampaniyalar \u00dc\u00e7\u00fcn \u0130deal<\/h2>\n<p>Romantik \u00fcr\u0259k formas\u0131 v\u0259 canl\u0131 r\u0259ngl\u0259ri il\u0259 Zisto hava \u0259tirl\u0259ndiricisi M\u00fcq\u0259dd\u0259s Valentin g\u00fcn\u00fc, Ana G\u00fcn\u00fc, toy v\u0259 ya korporativ h\u0259diyy\u0259l\u0259r \u00fc\u00e7\u00fcn m\u00fck\u0259mm\u0259l se\u00e7imdir. P\u0259rak\u0259nd\u0259 sat\u0131c\u0131lar tez-tez onu avtomobil qulluq d\u0259stl\u0259ri, xo\u015f g\u0259ldin seb\u0259tl\u0259ri v\u0259 ya sa\u011flaml\u0131q paketl\u0259ri il\u0259 birl\u0259\u015fdirir \u2014 bu da t\u0259krar al\u0131\u015f-veri\u015fl\u0259ri v\u0259 m\u00fc\u015ft\u0259ri sadiqliyini art\u0131r\u0131r.<\/p>\n<h2>Zisto \u00dcr\u0259k \u015e\u0259killi Hava \u018ftirl\u0259ndiricil\u0259rinizi \u0130ndi Sifari\u015f Edin!<\/h2>\n<p>Y\u00fczl\u0259rl\u0259 m\u0259mnun distributor kimi Zisto-nu y\u00fcks\u0259k keyfiyy\u0259tli, z\u0259rif v\u0259 uzunm\u00fcdd\u0259tli hava \u0259tirl\u0259ndiricil\u0259rinin \u0259n yax\u015f\u0131 m\u0259nb\u0259yi kimi se\u00e7in. \u0130lk s\u0131naq sifari\u015finizi verm\u0259k v\u0259 ya bayram m\u00f6vs\u00fcm\u00fcn\u0259 haz\u0131rla\u015fmaq ist\u0259s\u0259niz d\u0259, f\u0259rdi d\u0259st\u0259k, n\u00fcmun\u0259 d\u0259stl\u0259ri v\u0259 r\u0259qab\u0259tqabiliyy\u0259tli FOB qiym\u0259tl\u0259ri t\u0259klif edirik.<\/p>\n<p><strong>Anbar\u0131n\u0131z\u0131 yenil\u0259yin. M\u00fc\u015ft\u0259ril\u0259rinizi m\u0259mnun edin. Biznesinizi inki\u015faf etdirin.<\/strong><br \/>\nKataloq, qiym\u0259t siyah\u0131s\u0131 v\u0259 ya x\u00fcsusi t\u0259klif almaq \u00fc\u00e7\u00fcn indi biziml\u0259 \u0259laq\u0259 saxlay\u0131n!<\/p>\n","protected":false},"excerpt":{"rendered":"<p><strong>X\u00fcsusiyy\u0259tl\u0259r:<\/strong><\/p>\n<p><em>\u00d6l\u00e7\u00fcl\u0259ri:<\/em> <strong>7x9x4 sm<\/strong><\/p>\n<p><em>\u018ftirl\u0259r:<\/em> <strong>\u00c7iy\u0259l\u0259k<\/strong><\/p>\n<p><em>M\u00fcdd\u0259t:<\/em> <strong>T\u0259xmin\u0259n bir ay<\/strong><\/p>\n<p><strong>Qabla\u015fd\u0131rma:<\/strong><\/p>\n<p><strong>Paket ba\u015f\u0131na 64 \u0259d\u0259d <\/strong><\/p>\n<p>Karton qutu \u00f6l\u00e7\u00fcl\u0259ri: <strong>33 x 27. Boy: 39 <\/strong><\/p>\n<p><strong>X\u00fcsusiyy\u0259tl\u0259r:<\/strong><\/p>\n<p>T\u0259rkibind\u0259 mahiyy\u0259ti olan yum\u015faq jele tipli \u00e7anta il\u0259 unikal dizayn<\/p>\n<p>\u0130st\u0259nil\u0259n avtomobil\u0259 v\u0259 ya m\u0259kana estetik v\u0259 aromatik \u0259lav\u0259<\/p>\n<p>Arxa g\u00f6r\u00fcn\u00fc\u015f g\u00fczg\u00fcs\u00fc \u00fc\u00e7\u00fcn kulon kimi istifad\u0259 etm\u0259k daha yax\u015f\u0131d\u0131r<\/p>\n","protected":false},"featured_media":2476,"template":"","meta":[],"product_brand":[],"product_cat":[155],"product_tag":[],"class_list":{"0":"post-4000","1":"product","2":"type-product","3":"status-publish","4":"has-post-thumbnail","6":"product_cat-urk-formali-avtomobil-tiri","8":"first","9":"instock","10":"shipping-taxable","11":"product-type-simple"},"_links":{"self":[{"href":"https:\/\/zistoco.com\/az\/wp-json\/wp\/v2\/product\/4000","targetHints":{"allow":["GET"]}}],"collection":[{"href":"https:\/\/zistoco.com\/az\/wp-json\/wp\/v2\/product"}],"about":[{"href":"https:\/\/zistoco.com\/az\/wp-json\/wp\/v2\/types\/product"}],"version-history":[{"count":1,"href":"https:\/\/zistoco.com\/az\/wp-json\/wp\/v2\/product\/4000\/revisions"}],"predecessor-version":[{"id":4670,"href":"https:\/\/zistoco.com\/az\/wp-json\/wp\/v2\/product\/4000\/revisions\/4670"}],"wp:featuredmedia":[{"embeddable":true,"href":"https:\/\/zistoco.com\/az\/wp-json\/wp\/v2\/media\/2476"}],"wp:attachment":[{"href":"https:\/\/zistoco.com\/az\/wp-json\/wp\/v2\/media?parent=4000"}],"wp:term":[{"taxonomy":"product_brand","embeddable":true,"href":"https:\/\/zistoco.com\/az\/wp-json\/wp\/v2\/product_brand?post=4000"},{"taxonomy":"product_cat","embeddable":true,"href":"https:\/\/zistoco.com\/az\/wp-json\/wp\/v2\/product_cat?post=4000"},{"taxonomy":"product_tag","embeddable":true,"href":"https:\/\/zistoco.com\/az\/wp-json\/wp\/v2\/product_tag?post=4000"}],"curies":[{"name":"wp","href":"https:\/\/api.w.org\/{rel}","templated":true}]}}